{"id":2767,"date":"2025-04-19T03:46:43","date_gmt":"2025-04-19T03:46:43","guid":{"rendered":"https:\/\/jiesai.easiwin.com\/?post_type=product&#038;p=2767"},"modified":"2025-11-19T06:44:40","modified_gmt":"2025-11-19T06:44:40","slug":"g-sai-manufacturing-4x4-nitrous-shock-absorber-nissan-y62-adjustable-compression-shock-absorber","status":"publish","type":"product","link":"https:\/\/gsaishockabsorber.com\/es\/product\/g-sai-manufacturing-4x4-nitrous-shock-absorber-nissan-y62-adjustable-compression-shock-absorber\/","title":{"rendered":"G.SAI Manufacturing Amortiguador de nitr\u00f3geno 4X4 compatible con Nissan Y62 Amortiguador de compresi\u00f3n ajustable"},"content":{"rendered":"<ul class=\"wp-block-list\">\n<li>Construcci\u00f3n de alta calidad: El amortiguador industrial de nitr\u00f3geno 4X4 fabricado por G.SAI est\u00e1 fabricado con una combinaci\u00f3n duradera de acero, aluminio y materiales de goma, lo que garantiza un rendimiento robusto y fiable.<\/li>\n\n\n\n<li>Opciones personalizadas: Este producto ofrece una opci\u00f3n de color personalizada, lo que permite a los usuarios personalizar la apariencia de su veh\u00edculo para que se adapte a sus preferencias.<\/li>\n\n\n\n<li>Rendimiento competitivo todoterreno: Dise\u00f1ado para los entusiastas de la conducci\u00f3n todoterreno competitiva, este amortiguador proporciona un manejo y una estabilidad mejorados en terrenos irregulares.<\/li>\n\n\n\n<li>Amplia compatibilidad: El producto est\u00e1 dise\u00f1ado espec\u00edficamente para el modelo Nissan 100 NX de 1990-1994, lo que garantiza un ajuste preciso para los usuarios que poseen este veh\u00edculo.<\/li>\n\n\n\n<li>Precios asequibles: Como solicit\u00f3 el usuario, este amortiguador tiene un precio asequible, lo que lo convierte en una opci\u00f3n atractiva para quienes buscan una mejora econ\u00f3mica.<\/li>\n<\/ul>\n\n\n\n<h2 class=\"wp-block-heading\">Por qu\u00e9 elegirnos<\/h2>\n\n\n\n<p>Dongguan City Huashun Hardware Products Co., Ltd. est\u00e1 ubicada en el \u00e1rea administrativa de Shangyuan, en la ciudad de Qingxi.<br>Dongguan, provincia de Guangdong, con un hermoso entorno y un transporte conveniente. Se estableci\u00f3 en mayo de 2009. Bajo el apoyo de clientes nuevos y antiguos, ha pasado de un solo proceso a tener la investigaci\u00f3n y el desarrollo, la comercializaci\u00f3n, la ingenier\u00eda, las m\u00e1quinas herramientas, el procesamiento y la calidad del hardware integrado.<br>Co. industrial. Ltd. Principalmente tiene tornos autom\u00e1ticos de precisi\u00f3n importados, centros de mecanizado CNC, tornos inform\u00e1ticos CNC y otros equipos para producir una variedad de piezas met\u00e1licas de precisi\u00f3n para fabricantes de todo el pa\u00eds. Adecuado para maquinaria para electrodom\u00e9sticos, autopartes, aparejos de pesca, cerraduras, equipos de comunicaci\u00f3n, equipos de purificaci\u00f3n de agua, equipos de plomer\u00eda, instrumentos \u00f3pticos y otras industrias. En la actualidad, los principales productos son remaches, tuercas, tornillos, ejes exc\u00e9ntricos, ejes de copiadoras, ejes de m\u00e1quinas de fax, accesorios de acero inoxidable para purificadores de agua, etc. Los materiales procesados son cobre, hierro, acero, aluminio, POM, etc.<br>La empresa siempre se ha adherido a la filosof\u00eda empresarial de \"el cliente primero, la calidad primero, la excelencia, la cooperaci\u00f3n y la ganancia mutua\", dedicada a proporcionar la mejor calidad y un servicio eficiente para todos los clientes.<\/p>\n\n\n\n<p><\/p>","protected":false},"excerpt":{"rendered":"<p>Por qu\u00e9 elegirnos Dongguan City Huashun Hardware Products Co., Ltd. est\u00e1 ubicada en el \u00e1rea administrativa de Shangyuan, en la ciudad de Qingxi, Dongguan, provincia de Guangdong, con un entorno hermoso y un transporte conveniente. Se estableci\u00f3 en mayo de 2009. Con el apoyo de clientes nuevos y antiguos, ha pasado de un proceso \u00fanico a tener investigaci\u00f3n y desarrollo, marketing, ingenier\u00eda, m\u00e1quinas herramienta, procesamiento&#8230;<\/p>","protected":false},"featured_media":2765,"parent":0,"template":"","meta":{"_acf_changed":true,"_kad_blocks_custom_css":"","_kad_blocks_head_custom_js":"","_kad_blocks_body_custom_js":"","_kad_blocks_footer_custom_js":"","_kad_post_transparent":"","_kad_post_title":"","_kad_post_layout":"","_kad_post_sidebar_id":"","_kad_post_content_style":"","_kad_post_vertical_padding":"","_kad_post_feature":"","_kad_post_feature_position":"","_kad_post_header":false,"_kad_post_footer":false,"_kad_post_classname":""},"product-category":[155,157],"class_list":["post-2767","product","type-product","status-publish","has-post-thumbnail","hentry","product-category-nissan-series","product-category-y62"],"acf":[],"taxonomy_info":{"product-category":[{"value":155,"label":"NISSAN"},{"value":157,"label":"Y62"}]},"featured_image_src_large":["https:\/\/gsaishockabsorber.com\/wp-content\/uploads\/2025\/04\/Y62-\u538b\u7f29-1024x759.jpg",1024,759,true],"author_info":[],"comment_info":"","_links":{"self":[{"href":"https:\/\/gsaishockabsorber.com\/es\/wp-json\/wp\/v2\/product\/2767","targetHints":{"allow":["GET"]}}],"collection":[{"href":"https:\/\/gsaishockabsorber.com\/es\/wp-json\/wp\/v2\/product"}],"about":[{"href":"https:\/\/gsaishockabsorber.com\/es\/wp-json\/wp\/v2\/types\/product"}],"wp:featuredmedia":[{"embeddable":true,"href":"https:\/\/gsaishockabsorber.com\/es\/wp-json\/wp\/v2\/media\/2765"}],"wp:attachment":[{"href":"https:\/\/gsaishockabsorber.com\/es\/wp-json\/wp\/v2\/media?parent=2767"}],"wp:term":[{"taxonomy":"product-category","embeddable":true,"href":"https:\/\/gsaishockabsorber.com\/es\/wp-json\/wp\/v2\/product-category?post=2767"}],"curies":[{"name":"wp","href":"https:\/\/api.w.org\/{rel}","templated":true}]}}