{"id":3392,"date":"2025-06-03T12:02:06","date_gmt":"2025-06-03T12:02:06","guid":{"rendered":"https:\/\/gsaishockabsorber.com\/?post_type=product&#038;p=3392"},"modified":"2025-11-19T10:47:40","modified_gmt":"2025-11-19T10:47:40","slug":"g-sai-manufacturing-toyota-tundra-electronic-control-adjustment-nitrogen-shock-absorbers-oem-replacement-for-2000-2025-toyota-truck-suv-high-performance-suspension","status":"publish","type":"product","link":"https:\/\/gsaishockabsorber.com\/es\/product\/g-sai-manufacturing-toyota-tundra-electronic-control-adjustment-nitrogen-shock-absorbers-oem-replacement-for-2000-2025-toyota-truck-suv-high-performance-suspension\/","title":{"rendered":"Fabricaci\u00f3n G-SAI Compatible con TOYOTA Tundra Amortiguadores de nitr\u00f3geno con control electr\u00f3nico y ajuste | No es repuesto OEM para camionetas\/SUV TOYOTA 2000-2025 | Suspensi\u00f3n de alto rendimiento"},"content":{"rendered":"<p class=\"has-larger-font-size\"><strong>Caracter\u00edsticas principales<\/strong><\/p>\n\n\n\n<ul class=\"wp-block-list\">\n<li class=\"has-medium-font-size\">Ajuste de amortiguaci\u00f3n multimodo: cambie entre las configuraciones Confort, Sport y Todoterreno<\/li>\n\n\n\n<li class=\"has-medium-font-size\">Rendimiento de alta resistencia: maneja cargas pesadas y condiciones extremas de la carretera<\/li>\n\n\n\n<li class=\"has-medium-font-size\">Materiales de primera calidad: resistentes a la corrosi\u00f3n, al calor y construidos para durar<\/li>\n\n\n\n<li class=\"has-medium-font-size\">Personalizable para modelos de veh\u00edculos recreativos espec\u00edficos: ajustado para diferentes tipos de chasis<\/li>\n<\/ul>\n\n\n\n<p class=\"has-larger-font-size\"><strong>Especificaciones t\u00e9cnicas<\/strong><\/p>\n\n\n\n<figure class=\"wp-block-table\"><table><thead><tr><th>Par\u00e1metro<\/th><th>Detalles<\/th><\/tr><\/thead><tbody><tr><td>Compatibilidad<\/td><td>Clase A, Clase C, veh\u00edculos recreativos todoterreno, remolques de viaje<\/td><\/tr><tr><td>Ajuste de amortiguaci\u00f3n<\/td><td>Manual y electr\u00f3nico (opcional)<\/td><\/tr><tr><td>Material del cuerpo del amortiguador<\/td><td>Tubo de alta resistencia Ferroxon (EE. UU.)<\/td><\/tr><tr><td>Sistema de sellado<\/td><td>Sellos premium del Reino Unido y Jap\u00f3n<\/td><\/tr><tr><td>Aceite para amortiguadores<\/td><td>Fluido alem\u00e1n de alto rendimiento<\/td><\/tr><tr><td>Material del resorte<\/td><td>Acero para resortes de alta resistencia (Jap\u00f3n)<\/td><\/tr><tr><td>Temperatura de funcionamiento<\/td><td>-40\u00b0C a 120\u00b0C<\/td><\/tr><tr><td>Personalizaci\u00f3n<\/td><td>Ajuste a medida para las necesidades espec\u00edficas del veh\u00edculo<\/td><\/tr><\/tbody><\/table><\/figure>\n\n\n\n<p class=\"has-larger-font-size\"><strong>Por qu\u00e9 elegirnos<\/strong><\/p>\n\n\n\n<p>1. Probado para condiciones extremas - Rendimiento validado en entornos reales<\/p>\n\n\n\n<p>  2. Soluciones personalizables - Ajustadas para diferentes condiciones de la carretera y pesos del veh\u00edculo<\/p>\n\n\n\n<p>  3. Ingenier\u00eda de precisi\u00f3n - Componentes mecanizados por CNC para una fiabilidad a largo plazo<\/p>\n\n\n\n<p>  4. Soporte dedicado - Servicio postventa individualizado para la instalaci\u00f3n y la puesta a punto<\/p>\n\n\n\n<p>5. Experimente la diferencia - Actualice la suspensi\u00f3n de su veh\u00edculo recreativo con los amortiguadores premium de GSS para una conducci\u00f3n m\u00e1s suave, segura y confortable<\/p>","protected":false},"excerpt":{"rendered":"<p>Caracter\u00edsticas principales Especificaciones t\u00e9cnicas Detalles de los par\u00e1metros Compatibilidad Clase A, Clase C, veh\u00edculos recreativos todoterreno, remolques de viaje Ajuste de amortiguaci\u00f3n Manual y electr\u00f3nico (opcional) Material del cuerpo del amortiguador Tubos de alta resistencia Ferroxon (EE. UU.) Sistema de sellado Sellos premium del Reino Unido y Jap\u00f3n Aceite para amortiguadores Fluido de alto rendimiento alem\u00e1n Material del muelle Acero para muelles de alta resistencia (Jap\u00f3n) Temperatura de funcionamiento -40\u00b0C a 120\u00b0C Personalizaci\u00f3n Adaptado...<\/p>","protected":false},"featured_media":3393,"parent":0,"template":"","meta":{"_acf_changed":true,"_kad_blocks_custom_css":"","_kad_blocks_head_custom_js":"","_kad_blocks_body_custom_js":"","_kad_blocks_footer_custom_js":"","_kad_post_transparent":"","_kad_post_title":"","_kad_post_layout":"","_kad_post_sidebar_id":"","_kad_post_content_style":"","_kad_post_vertical_padding":"","_kad_post_feature":"","_kad_post_feature_position":"","_kad_post_header":false,"_kad_post_footer":false,"_kad_post_classname":""},"product-category":[111,99],"class_list":["post-3392","product","type-product","status-publish","has-post-thumbnail","hentry","product-category-tundra","product-category-toyota-series"],"acf":[],"taxonomy_info":{"product-category":[{"value":111,"label":"Tundra"},{"value":99,"label":"Toyota"}]},"featured_image_src_large":["https:\/\/gsaishockabsorber.com\/wp-content\/uploads\/2025\/06\/\u5766\u9014\u7535\u63a7-1-1024x759.jpg",1024,759,true],"author_info":[],"comment_info":"","_links":{"self":[{"href":"https:\/\/gsaishockabsorber.com\/es\/wp-json\/wp\/v2\/product\/3392","targetHints":{"allow":["GET"]}}],"collection":[{"href":"https:\/\/gsaishockabsorber.com\/es\/wp-json\/wp\/v2\/product"}],"about":[{"href":"https:\/\/gsaishockabsorber.com\/es\/wp-json\/wp\/v2\/types\/product"}],"wp:featuredmedia":[{"embeddable":true,"href":"https:\/\/gsaishockabsorber.com\/es\/wp-json\/wp\/v2\/media\/3393"}],"wp:attachment":[{"href":"https:\/\/gsaishockabsorber.com\/es\/wp-json\/wp\/v2\/media?parent=3392"}],"wp:term":[{"taxonomy":"product-category","embeddable":true,"href":"https:\/\/gsaishockabsorber.com\/es\/wp-json\/wp\/v2\/product-category?post=3392"}],"curies":[{"name":"wp","href":"https:\/\/api.w.org\/{rel}","templated":true}]}}