{"id":3918,"date":"2025-06-11T02:13:02","date_gmt":"2025-06-11T02:13:02","guid":{"rendered":"https:\/\/gsaishockabsorber.com\/?post_type=product&#038;p=3918"},"modified":"2025-11-22T02:19:16","modified_gmt":"2025-11-22T02:19:16","slug":"g-sai-manufactures-oem-replacement-jaguar-2030-high-performance-suspension-nitrogen-shock-absorbers","status":"publish","type":"product","link":"https:\/\/gsaishockabsorber.com\/es\/product\/g-sai-manufactures-oem-replacement-jaguar-2030-high-performance-suspension-nitrogen-shock-absorbers\/","title":{"rendered":"G-SAI fabrica amortiguadores de nitr\u00f3geno de recambio OEM Jaguar 2030 High-Performance Suspension"},"content":{"rendered":"<h3 class=\"wp-block-heading\">Caracter\u00edsticas principales<\/h3>\n\n\n\n<ul class=\"wp-block-list\">\n<li>Ajuste de amortiguaci\u00f3n multimodo: cambie entre las configuraciones Confort, Sport y Todoterreno<\/li>\n\n\n\n<li>Rendimiento de alta resistencia: maneja cargas pesadas y condiciones extremas de la carretera<\/li>\n\n\n\n<li>Materiales de primera calidad: resistentes a la corrosi\u00f3n, al calor y construidos para durar<\/li>\n\n\n\n<li>Personalizable para modelos de veh\u00edculos recreativos espec\u00edficos: ajustado para diferentes tipos de chasis<\/li>\n<\/ul>\n\n\n\n<h2 class=\"wp-block-heading\">Especificaciones t\u00e9cnicas<\/h2>\n\n\n\n<figure class=\"wp-block-table\"><table><thead><tr><th>Par\u00e1metro<\/th><th>Detalles<\/th><\/tr><\/thead><tbody><tr><td>Compatibilidad<\/td><td>Clase A, Clase C, veh\u00edculos recreativos todoterreno, remolques de viaje<\/td><\/tr><tr><td>Ajuste de amortiguaci\u00f3n<\/td><td>Manual y electr\u00f3nico (opcional)<\/td><\/tr><tr><td>Material del cuerpo del amortiguador<\/td><td>Tubo de alta resistencia Ferroxon (EE. UU.)<\/td><\/tr><tr><td>Sistema de sellado<\/td><td>Sellos premium del Reino Unido y Jap\u00f3n<\/td><\/tr><tr><td>Aceite para amortiguadores<\/td><td>Fluido alem\u00e1n de alto rendimiento<\/td><\/tr><tr><td>Material del resorte<\/td><td>Acero para resortes de alta resistencia (Jap\u00f3n)<\/td><\/tr><tr><td>Temperatura de funcionamiento<\/td><td>-40\u00b0C a 120\u00b0C<\/td><\/tr><tr><td>Personalizaci\u00f3n<\/td><td>Ajuste a medida para las necesidades espec\u00edficas del veh\u00edculo<\/td><\/tr><\/tbody><\/table><\/figure>\n\n\n\n<h2 class=\"wp-block-heading\">Por qu\u00e9 elegirnos<\/h2>\n\n\n\n<ul class=\"wp-block-list\">\n<li>Probado para condiciones extremas: rendimiento validado en entornos del mundo real<\/li>\n\n\n\n<li>Soluciones personalizables: ajustadas para diferentes condiciones de la carretera y pesos del veh\u00edculo<\/li>\n\n\n\n<li>Ingenier\u00eda de precisi\u00f3n: componentes mecanizados por CNC para una fiabilidad a largo plazo<\/li>\n\n\n\n<li>Soporte dedicado: servicio posventa individual para instalaci\u00f3n y ajuste<\/li>\n\n\n\n<li>Experimente la diferencia: mejore la suspensi\u00f3n de su veh\u00edculo recreativo con los amortiguadores premium GSS para una conducci\u00f3n m\u00e1s suave, segura y c\u00f3moda.<\/li>\n<\/ul>\n\n\n\n<p><\/p>","protected":false},"excerpt":{"rendered":"<p>Caracter\u00edsticas principales Especificaciones t\u00e9cnicas Detalles de los par\u00e1metros Compatibilidad Clase A, Clase C, veh\u00edculos recreativos todoterreno, remolques de viaje Ajuste de amortiguaci\u00f3n Manual y electr\u00f3nico (opcional) Material del cuerpo del amortiguador Tubos de alta resistencia Ferroxon (EE. UU.) Sistema de sellado Sellos premium del Reino Unido y Jap\u00f3n Aceite para amortiguadores Fluido de alto rendimiento alem\u00e1n Material del muelle Acero para muelles de alta resistencia (Jap\u00f3n) Temperatura de funcionamiento -40\u00b0C a 120\u00b0C Personalizaci\u00f3n Adaptado...<\/p>","protected":false},"featured_media":3917,"parent":0,"template":"","meta":{"_acf_changed":true,"_kad_blocks_custom_css":"","_kad_blocks_head_custom_js":"","_kad_blocks_body_custom_js":"","_kad_blocks_footer_custom_js":"","_kad_post_transparent":"","_kad_post_title":"","_kad_post_layout":"","_kad_post_sidebar_id":"","_kad_post_content_style":"","_kad_post_vertical_padding":"","_kad_post_feature":"","_kad_post_feature_position":"","_kad_post_header":false,"_kad_post_footer":false,"_kad_post_classname":""},"product-category":[238],"class_list":["post-3918","product","type-product","status-publish","has-post-thumbnail","hentry","product-category-jaguar"],"acf":[],"taxonomy_info":{"product-category":[{"value":238,"label":"Jaguar"}]},"featured_image_src_large":["https:\/\/gsaishockabsorber.com\/wp-content\/uploads\/2025\/06\/20309-1024x788.jpg",1024,788,true],"author_info":[],"comment_info":"","_links":{"self":[{"href":"https:\/\/gsaishockabsorber.com\/es\/wp-json\/wp\/v2\/product\/3918","targetHints":{"allow":["GET"]}}],"collection":[{"href":"https:\/\/gsaishockabsorber.com\/es\/wp-json\/wp\/v2\/product"}],"about":[{"href":"https:\/\/gsaishockabsorber.com\/es\/wp-json\/wp\/v2\/types\/product"}],"wp:featuredmedia":[{"embeddable":true,"href":"https:\/\/gsaishockabsorber.com\/es\/wp-json\/wp\/v2\/media\/3917"}],"wp:attachment":[{"href":"https:\/\/gsaishockabsorber.com\/es\/wp-json\/wp\/v2\/media?parent=3918"}],"wp:term":[{"taxonomy":"product-category","embeddable":true,"href":"https:\/\/gsaishockabsorber.com\/es\/wp-json\/wp\/v2\/product-category?post=3918"}],"curies":[{"name":"wp","href":"https:\/\/api.w.org\/{rel}","templated":true}]}}