{"id":4068,"date":"2025-07-18T12:31:04","date_gmt":"2025-07-18T12:31:04","guid":{"rendered":"https:\/\/gsaishockabsorber.com\/?post_type=product&#038;p=4068"},"modified":"2025-11-20T10:24:43","modified_gmt":"2025-11-20T10:24:43","slug":"g-sai-manufactures-oem-replacement-baic-bj60-electronic-controls-compression-damping-rebound-adjustable-high-performance-suspension-nitrogen-shock-absorbers","status":"publish","type":"product","link":"https:\/\/gsaishockabsorber.com\/es\/product\/g-sai-manufactures-oem-replacement-baic-bj60-electronic-controls-compression-damping-rebound-adjustable-high-performance-suspension-nitrogen-shock-absorbers\/","title":{"rendered":"G-SAI fabrica amortiguadores de nitr\u00f3geno de suspensi\u00f3n de alto rendimiento No Repuesto OEM que ajusta BAIC BJ60 Controles Electr\u00f3nicos ajustables en compresi\u00f3n Amortiguaci\u00f3n Rebote"},"content":{"rendered":"<p>Caracter\u00edsticas principales<\/p>\n\n\n\n<p>Ajuste de amortiguaci\u00f3n multimodo: cambie entre las configuraciones Confort, Sport y Todoterreno<\/p>\n\n\n\n<p>Rendimiento de alta resistencia: maneja cargas pesadas y condiciones extremas de la carretera<\/p>\n\n\n\n<p>Materiales de primera calidad: resistentes a la corrosi\u00f3n, al calor y construidos para durar<\/p>\n\n\n\n<p>Personalizable para modelos de veh\u00edculos recreativos espec\u00edficos: ajustado para diferentes tipos de chasis<\/p>\n\n\n\n<p>Especificaciones t\u00e9cnicas<\/p>\n\n\n\n<p>Detalles de los par\u00e1metrosCompatibilidadClase A, Clase C, veh\u00edculos recreativos todoterreno, remolques de viajeAjuste de amortiguaci\u00f3nManual y electr\u00f3nico (opcional)Material del cuerpo del amortiguadorTubo de alta resistencia Ferroxon (EE. UU.)Sistema de selladoSellos premium del Reino Unido y Jap\u00f3nAceite para amortiguadoresFluido de alto rendimiento alem\u00e1nMaterial del resorteAcero para resortes de alta resistencia (Jap\u00f3n)Temperatura de funcionamiento-40 \u00b0C a 120 \u00b0CCustomiz ationAjuste a medida para necesidades espec\u00edficas del veh\u00edculo<\/p>\n\n\n\n<p>Por qu\u00e9 elegirnos<\/p>\n\n\n\n<p>Probado para condiciones extremas: rendimiento validado en entornos del mundo real<\/p>\n\n\n\n<p>Soluciones personalizables: ajustadas para diferentes condiciones de la carretera y pesos del veh\u00edculo<\/p>\n\n\n\n<p>Ingenier\u00eda de precisi\u00f3n: componentes mecanizados por CNC para una fiabilidad a largo plazo<\/p>\n\n\n\n<p>Soporte dedicado: servicio posventa individual para instalaci\u00f3n y ajuste<\/p>\n\n\n\n<p>Experimente la diferencia: mejore la suspensi\u00f3n de su veh\u00edculo recreativo con los amortiguadores premium GSS para una conducci\u00f3n m\u00e1s suave, segura y c\u00f3moda.<\/p>","protected":false},"excerpt":{"rendered":"<p>Caracter\u00edsticas principales Ajuste de amortiguaci\u00f3n multimodo: cambie entre las configuraciones Confort, Sport y Todoterreno Rendimiento de alta resistencia: maneja cargas pesadas y condiciones de carretera extremas Materiales de primera calidad: resistentes a la corrosi\u00f3n, al calor y construidos para durar Personalizable para modelos de veh\u00edculos recreativos espec\u00edficos: afinado para diferentes tipos de chasis Especificaciones t\u00e9cnicas Detalles de los par\u00e1metrosCompatibilidadClase A, Clase C, veh\u00edculos recreativos todoterreno, remolques de viajeAjuste de amortiguaci\u00f3nManual &amp;&#8230;<\/p>","protected":false},"featured_media":4067,"parent":0,"template":"","meta":{"_acf_changed":true,"_kad_blocks_custom_css":"","_kad_blocks_head_custom_js":"","_kad_blocks_body_custom_js":"","_kad_blocks_footer_custom_js":"","_kad_post_transparent":"","_kad_post_title":"","_kad_post_layout":"","_kad_post_sidebar_id":"","_kad_post_content_style":"","_kad_post_vertical_padding":"","_kad_post_feature":"","_kad_post_feature_position":"","_kad_post_header":false,"_kad_post_footer":false,"_kad_post_classname":""},"product-category":[235],"class_list":["post-4068","product","type-product","status-publish","has-post-thumbnail","hentry","product-category-bj60"],"acf":[],"taxonomy_info":{"product-category":[{"value":235,"label":"BJ60"}]},"featured_image_src_large":["https:\/\/gsaishockabsorber.com\/wp-content\/uploads\/2025\/07\/\u7535\u63a7-1024x734.jpg",1024,734,true],"author_info":[],"comment_info":"","_links":{"self":[{"href":"https:\/\/gsaishockabsorber.com\/es\/wp-json\/wp\/v2\/product\/4068","targetHints":{"allow":["GET"]}}],"collection":[{"href":"https:\/\/gsaishockabsorber.com\/es\/wp-json\/wp\/v2\/product"}],"about":[{"href":"https:\/\/gsaishockabsorber.com\/es\/wp-json\/wp\/v2\/types\/product"}],"wp:featuredmedia":[{"embeddable":true,"href":"https:\/\/gsaishockabsorber.com\/es\/wp-json\/wp\/v2\/media\/4067"}],"wp:attachment":[{"href":"https:\/\/gsaishockabsorber.com\/es\/wp-json\/wp\/v2\/media?parent=4068"}],"wp:term":[{"taxonomy":"product-category","embeddable":true,"href":"https:\/\/gsaishockabsorber.com\/es\/wp-json\/wp\/v2\/product-category?post=4068"}],"curies":[{"name":"wp","href":"https:\/\/api.w.org\/{rel}","templated":true}]}}