{"id":2542,"date":"2025-04-10T08:03:36","date_gmt":"2025-04-10T08:03:36","guid":{"rendered":"https:\/\/jiesai.easiwin.com\/?post_type=product&#038;p=2542"},"modified":"2025-11-19T07:00:27","modified_gmt":"2025-11-19T07:00:27","slug":"g-sai-manufacturing-4x4-nitrous-shock-absorber-nissan-y61-adjustable-compression-shock-absorber","status":"publish","type":"product","link":"https:\/\/gsaishockabsorber.com\/fr\/product\/g-sai-manufacturing-4x4-nitrous-shock-absorber-nissan-y61-adjustable-compression-shock-absorber\/","title":{"rendered":"G.SAI Fabrication Amortisseur \u00e0 gaz nitreux 4X4 Compatible avec Nissan Y61 Amortisseur \u00e0 compression r\u00e9glable"},"content":{"rendered":"<ul class=\"wp-block-list\">\n<li>Construction de haute qualit\u00e9 : L'amortisseur industriel 4X4 \u00e0 azote fabriqu\u00e9 par G.SAI est fabriqu\u00e9 \u00e0 partir d'une combinaison durable d'acier, d'aluminium et de caoutchouc, garantissant des performances robustes et fiables.<\/li>\n\n\n\n<li>Options personnalis\u00e9es : Ce produit offre une option de couleur personnalis\u00e9e, permettant aux utilisateurs de personnaliser l'apparence de leur v\u00e9hicule en fonction de leurs pr\u00e9f\u00e9rences.<\/li>\n\n\n\n<li>Performances comp\u00e9titives hors route : Con\u00e7u pour les passionn\u00e9s de conduite hors route comp\u00e9titive, cet amortisseur offre une maniabilit\u00e9 et une stabilit\u00e9 am\u00e9lior\u00e9es sur les terrains accident\u00e9s.<\/li>\n\n\n\n<li>Large compatibilit\u00e9 : Le produit est sp\u00e9cialement con\u00e7u pour le mod\u00e8le Nissan 100 NX de 1990 \u00e0 1994, assurant un ajustement pr\u00e9cis pour les utilisateurs qui poss\u00e8dent ce v\u00e9hicule.<\/li>\n\n\n\n<li>Prix abordable : Comme demand\u00e9 par l'utilisateur, cet amortisseur est propos\u00e9 \u00e0 un prix abordable, ce qui en fait une option int\u00e9ressante pour ceux qui recherchent une mise \u00e0 niveau \u00e9conomique.<\/li>\n<\/ul>\n\n\n\n<h2 class=\"wp-block-heading\">Pourquoi nous choisir<\/h2>\n\n\n\n<p>Dongguan City Huashun Hardware Products Co., Ltd. est situ\u00e9e dans la zone administrative de Shangyuan, dans la ville de Qingxi.<br>Dongguan, province du Guangdong, avec un environnement magnifique et des transports pratiques. Elle a \u00e9t\u00e9 cr\u00e9\u00e9e en mai 2009. Avec le soutien des nouveaux et anciens clients, elle est pass\u00e9e d'un processus unique \u00e0 la recherche et au d\u00e9veloppement, au marketing, \u00e0 l'ing\u00e9nierie, aux machines-outils, au traitement et \u00e0 la qualit\u00e9 du mat\u00e9riel int\u00e9gr\u00e9.<br>industrie Co.. Ltd. Principalement avec des tours automatiques de pr\u00e9cision import\u00e9es, un centre d'usinage CNC, des tours CNC et d'autres \u00e9quipements pour produire une vari\u00e9t\u00e9 de pi\u00e8ces m\u00e9talliques de pr\u00e9cision pour les fabricants de tout le pays. Convient aux machines d'appareils m\u00e9nagers, aux pi\u00e8ces automobiles, aux engins de p\u00eache, aux serrures, aux \u00e9quipements de communication, aux \u00e9quipements de purification de l'eau, aux \u00e9quipements de plomberie, aux instruments optiques et \u00e0 d'autres industries. \u00c0 l'heure actuelle, les principaux produits sont les rivets, les \u00e9crous, les vis, les arbres excentriques, les arbres de photocopieurs, les arbres de t\u00e9l\u00e9copieurs, les raccords en acier inoxydable pour purificateurs d'eau, etc. Les mat\u00e9riaux transform\u00e9s sont le cuivre, le fer, l'acier, l'aluminium, le POM, etc.<br>L'entreprise a toujours adh\u00e9r\u00e9 \u00e0 la philosophie d'entreprise \u00ab le client d'abord, la qualit\u00e9 d'abord, l'excellence, la coop\u00e9ration et le gagnant-gagnant \u00bb, se consacrant \u00e0 fournir le meilleur service de qualit\u00e9 et efficace \u00e0 tous les clients.<\/p>","protected":false},"excerpt":{"rendered":"<p>Pourquoi nous choisir Dongguan City Huashun Hardware Products Co., Ltd. est situ\u00e9e dans la zone administrative de Shangyuan de la ville de Qingxi, dans la province de Guangdong, avec un environnement magnifique et des transports pratiques. Elle a \u00e9t\u00e9 cr\u00e9\u00e9e en mai 2009. Avec le soutien des anciens et des nouveaux clients, elle est pass\u00e9e d'un processus unique \u00e0 la recherche et au d\u00e9veloppement, au marketing, \u00e0 l'ing\u00e9nierie, aux machines-outils, au traitement\u2026<\/p>","protected":false},"featured_media":2531,"parent":0,"template":"","meta":{"_acf_changed":true,"_kad_blocks_custom_css":"","_kad_blocks_head_custom_js":"","_kad_blocks_body_custom_js":"","_kad_blocks_footer_custom_js":"","_kad_post_transparent":"","_kad_post_title":"","_kad_post_layout":"","_kad_post_sidebar_id":"","_kad_post_content_style":"","_kad_post_vertical_padding":"","_kad_post_feature":"","_kad_post_feature_position":"","_kad_post_header":false,"_kad_post_footer":false,"_kad_post_classname":""},"product-category":[155,156],"class_list":["post-2542","product","type-product","status-publish","has-post-thumbnail","hentry","product-category-nissan-series","product-category-y60-y61"],"acf":[],"taxonomy_info":{"product-category":[{"value":155,"label":"NISSAN"},{"value":156,"label":"Y60\/Y61"}]},"featured_image_src_large":["https:\/\/gsaishockabsorber.com\/wp-content\/uploads\/2025\/04\/Y6061\u538b\u7f29\u53ef\u8c03-1024x767.jpg",1024,767,true],"author_info":[],"comment_info":"","_links":{"self":[{"href":"https:\/\/gsaishockabsorber.com\/fr\/wp-json\/wp\/v2\/product\/2542","targetHints":{"allow":["GET"]}}],"collection":[{"href":"https:\/\/gsaishockabsorber.com\/fr\/wp-json\/wp\/v2\/product"}],"about":[{"href":"https:\/\/gsaishockabsorber.com\/fr\/wp-json\/wp\/v2\/types\/product"}],"wp:featuredmedia":[{"embeddable":true,"href":"https:\/\/gsaishockabsorber.com\/fr\/wp-json\/wp\/v2\/media\/2531"}],"wp:attachment":[{"href":"https:\/\/gsaishockabsorber.com\/fr\/wp-json\/wp\/v2\/media?parent=2542"}],"wp:term":[{"taxonomy":"product-category","embeddable":true,"href":"https:\/\/gsaishockabsorber.com\/fr\/wp-json\/wp\/v2\/product-category?post=2542"}],"curies":[{"name":"wp","href":"https:\/\/api.w.org\/{rel}","templated":true}]}}