{"id":2757,"date":"2025-04-19T03:37:49","date_gmt":"2025-04-19T03:37:49","guid":{"rendered":"https:\/\/jiesai.easiwin.com\/?post_type=product&#038;p=2757"},"modified":"2025-11-19T07:03:47","modified_gmt":"2025-11-19T07:03:47","slug":"g-sai-manufactured-4x4-nitrogen-shock-absorber-nissan-y62-regular-model","status":"publish","type":"product","link":"https:\/\/gsaishockabsorber.com\/fr\/product\/g-sai-manufactured-4x4-nitrogen-shock-absorber-nissan-y62-regular-model\/","title":{"rendered":"G.SAI Fabriqu\u00e9 Amortisseur \u00e0 azote 4X4 Compatible avec NISSAN y62 mod\u00e8le standard"},"content":{"rendered":"<p>Performances robustes \u2013 G\u00e8re les charges \u00e9lev\u00e9es et les conditions routi\u00e8res extr\u00eames<\/p>\n\n\n\n<p>Mat\u00e9riaux de qualit\u00e9 sup\u00e9rieure \u2013 R\u00e9sistant \u00e0 la corrosion, \u00e0 la chaleur et con\u00e7u pour durer<\/p>\n\n\n\n<p>R\u00e9glage de l'amortissement multi-modes \u2013 Basculez entre les r\u00e9glages Confort, Sport et Tout-terrain<\/p>\n\n\n\n<p>Personnalisable pour des mod\u00e8les de camping-cars sp\u00e9cifiques \u2013 R\u00e9gl\u00e9 avec pr\u00e9cision pour diff\u00e9rents types de ch\u00e2ssis<\/p>\n\n\n\n<p>Pourquoi nous choisir ?<\/p>\n\n\n\n<ul class=\"wp-block-list\">\n<li>Test\u00e9 dans des conditions extr\u00eames \u2013 Performances valid\u00e9es dans des environnements r\u00e9els<\/li>\n\n\n\n<li>Solutions personnalisables \u2013 Ajust\u00e9es pour diff\u00e9rentes conditions routi\u00e8res et diff\u00e9rents poids de v\u00e9hicules<\/li>\n\n\n\n<li>Ing\u00e9nierie de pr\u00e9cision \u2013 Composants usin\u00e9s CNC pour une fiabilit\u00e9 \u00e0 long terme<\/li>\n\n\n\n<li>Assistance d\u00e9di\u00e9e \u2013 Service apr\u00e8s-vente personnalis\u00e9 pour l'installation et le r\u00e9glage<\/li>\n\n\n\n<li>D\u00e9couvrez la diff\u00e9rence \u2013 Am\u00e9liorez la suspension de votre camping-car avec les amortisseurs haut de gamme GSS pour une conduite plus souple, plus s\u00fbre et plus confortable.<\/li>\n<\/ul>\n\n\n\n<p><\/p>","protected":false},"excerpt":{"rendered":"<p>Performances robustes \u2013 G\u00e8re les charges \u00e9lev\u00e9es et les conditions routi\u00e8res extr\u00eames. Mat\u00e9riaux de qualit\u00e9 sup\u00e9rieure \u2013 R\u00e9sistant \u00e0 la corrosion, \u00e0 la chaleur et con\u00e7u pour durer. R\u00e9glage d'amortissement multi-modes \u2013 Basculez entre les r\u00e9glages Confort, Sport et Tout-terrain. Personnalisable pour des mod\u00e8les de camping-cars sp\u00e9cifiques \u2013 Adapt\u00e9 aux diff\u00e9rents types de ch\u00e2ssis. Pourquoi nous choisir ?<\/p>","protected":false},"featured_media":2766,"parent":0,"template":"","meta":{"_acf_changed":true,"_kad_blocks_custom_css":"","_kad_blocks_head_custom_js":"","_kad_blocks_body_custom_js":"","_kad_blocks_footer_custom_js":"","_kad_post_transparent":"","_kad_post_title":"","_kad_post_layout":"","_kad_post_sidebar_id":"","_kad_post_content_style":"","_kad_post_vertical_padding":"","_kad_post_feature":"","_kad_post_feature_position":"","_kad_post_header":false,"_kad_post_footer":false,"_kad_post_classname":""},"product-category":[155,157],"class_list":["post-2757","product","type-product","status-publish","has-post-thumbnail","hentry","product-category-nissan-series","product-category-y62"],"acf":[],"taxonomy_info":{"product-category":[{"value":155,"label":"NISSAN"},{"value":157,"label":"Y62"}]},"featured_image_src_large":["https:\/\/gsaishockabsorber.com\/wp-content\/uploads\/2025\/04\/Y62\u5957\u56fe9-1024x788.jpg",1024,788,true],"author_info":[],"comment_info":"","_links":{"self":[{"href":"https:\/\/gsaishockabsorber.com\/fr\/wp-json\/wp\/v2\/product\/2757","targetHints":{"allow":["GET"]}}],"collection":[{"href":"https:\/\/gsaishockabsorber.com\/fr\/wp-json\/wp\/v2\/product"}],"about":[{"href":"https:\/\/gsaishockabsorber.com\/fr\/wp-json\/wp\/v2\/types\/product"}],"wp:featuredmedia":[{"embeddable":true,"href":"https:\/\/gsaishockabsorber.com\/fr\/wp-json\/wp\/v2\/media\/2766"}],"wp:attachment":[{"href":"https:\/\/gsaishockabsorber.com\/fr\/wp-json\/wp\/v2\/media?parent=2757"}],"wp:term":[{"taxonomy":"product-category","embeddable":true,"href":"https:\/\/gsaishockabsorber.com\/fr\/wp-json\/wp\/v2\/product-category?post=2757"}],"curies":[{"name":"wp","href":"https:\/\/api.w.org\/{rel}","templated":true}]}}