{"id":3918,"date":"2025-06-11T02:13:02","date_gmt":"2025-06-11T02:13:02","guid":{"rendered":"https:\/\/gsaishockabsorber.com\/?post_type=product&#038;p=3918"},"modified":"2025-11-22T02:19:16","modified_gmt":"2025-11-22T02:19:16","slug":"g-sai-manufactures-oem-replacement-jaguar-2030-high-performance-suspension-nitrogen-shock-absorbers","status":"publish","type":"product","link":"https:\/\/gsaishockabsorber.com\/fr\/product\/g-sai-manufactures-oem-replacement-jaguar-2030-high-performance-suspension-nitrogen-shock-absorbers\/","title":{"rendered":"G-SAI fabrique des amortisseurs \u00e0 l'azote de remplacement OEM Jaguar 2030 High-Performance Suspension."},"content":{"rendered":"<h3 class=\"wp-block-heading\">Caract\u00e9ristiques principales<\/h3>\n\n\n\n<ul class=\"wp-block-list\">\n<li>R\u00e9glage de l'amortissement multi-modes \u2013 Basculez entre les r\u00e9glages Confort, Sport et Tout-terrain<\/li>\n\n\n\n<li>Performances robustes \u2013 G\u00e8re les charges \u00e9lev\u00e9es et les conditions routi\u00e8res extr\u00eames<\/li>\n\n\n\n<li>Mat\u00e9riaux de qualit\u00e9 sup\u00e9rieure \u2013 R\u00e9sistant \u00e0 la corrosion, \u00e0 la chaleur et con\u00e7u pour durer<\/li>\n\n\n\n<li>Personnalisable pour des mod\u00e8les de camping-cars sp\u00e9cifiques \u2013 R\u00e9gl\u00e9 avec pr\u00e9cision pour diff\u00e9rents types de ch\u00e2ssis<\/li>\n<\/ul>\n\n\n\n<h2 class=\"wp-block-heading\">Sp\u00e9cifications techniques<\/h2>\n\n\n\n<figure class=\"wp-block-table\"><table><thead><tr><th>Param\u00e8tre<\/th><th>D\u00e9tails<\/th><\/tr><\/thead><tbody><tr><td>Compatibilit\u00e9<\/td><td>Classe A, Classe C, Camping-cars tout-terrain, Caravanes<\/td><\/tr><tr><td>R\u00e9glage de l'amortissement<\/td><td>Manuel et \u00e9lectronique (en option)<\/td><\/tr><tr><td>Mat\u00e9riau du corps de l'amortisseur<\/td><td>Tubes haute r\u00e9sistance Ferroxon (USA)<\/td><\/tr><tr><td>Syst\u00e8me d'\u00e9tanch\u00e9it\u00e9<\/td><td>Joints de qualit\u00e9 sup\u00e9rieure du Royaume-Uni et du Japon<\/td><\/tr><tr><td>Huile d'amortisseur<\/td><td>Fluide haute performance allemand<\/td><\/tr><tr><td>Mat\u00e9riau du ressort<\/td><td>Acier \u00e0 ressort haute r\u00e9sistance (Japon)<\/td><\/tr><tr><td>Temp\u00e9rature de fonctionnement<\/td><td>-40\u00a0\u00b0C \u00e0 120\u00a0\u00b0C<\/td><\/tr><tr><td>Personnalisation<\/td><td>R\u00e9glage sur mesure pour les besoins sp\u00e9cifiques du v\u00e9hicule<\/td><\/tr><\/tbody><\/table><\/figure>\n\n\n\n<h2 class=\"wp-block-heading\">Pourquoi nous choisir<\/h2>\n\n\n\n<ul class=\"wp-block-list\">\n<li>Test\u00e9 dans des conditions extr\u00eames \u2013 Performances valid\u00e9es dans des environnements r\u00e9els<\/li>\n\n\n\n<li>Solutions personnalisables \u2013 Ajust\u00e9es pour diff\u00e9rentes conditions routi\u00e8res et diff\u00e9rents poids de v\u00e9hicules<\/li>\n\n\n\n<li>Ing\u00e9nierie de pr\u00e9cision \u2013 Composants usin\u00e9s CNC pour une fiabilit\u00e9 \u00e0 long terme<\/li>\n\n\n\n<li>Assistance d\u00e9di\u00e9e \u2013 Service apr\u00e8s-vente personnalis\u00e9 pour l'installation et le r\u00e9glage<\/li>\n\n\n\n<li>D\u00e9couvrez la diff\u00e9rence \u2013 Am\u00e9liorez la suspension de votre camping-car avec les amortisseurs haut de gamme GSS pour une conduite plus souple, plus s\u00fbre et plus confortable.<\/li>\n<\/ul>\n\n\n\n<p><\/p>","protected":false},"excerpt":{"rendered":"<p>Caract\u00e9ristiques principales Sp\u00e9cifications techniques D\u00e9tails des param\u00e8tres Compatibilit\u00e9 Classe A, Classe C, VR hors route, Remorques de voyage R\u00e9glage de l'amortissement Manuel et \u00e9lectronique (en option) Mat\u00e9riau du corps de l'amortisseur Tubes \u00e0 haute r\u00e9sistance Ferroxon (USA) Syst\u00e8me d'\u00e9tanch\u00e9it\u00e9 Joints de qualit\u00e9 sup\u00e9rieure UK et Japon Huile pour amortisseur Fluide haute performance allemand Mat\u00e9riau du ressort Acier \u00e0 ressort haute r\u00e9sistance (Japon) Temp\u00e9rature de fonctionnement -40\u00b0C \u00e0 120\u00b0C Personnalisation Sur mesure\u2026<\/p>","protected":false},"featured_media":3917,"parent":0,"template":"","meta":{"_acf_changed":true,"_kad_blocks_custom_css":"","_kad_blocks_head_custom_js":"","_kad_blocks_body_custom_js":"","_kad_blocks_footer_custom_js":"","_kad_post_transparent":"","_kad_post_title":"","_kad_post_layout":"","_kad_post_sidebar_id":"","_kad_post_content_style":"","_kad_post_vertical_padding":"","_kad_post_feature":"","_kad_post_feature_position":"","_kad_post_header":false,"_kad_post_footer":false,"_kad_post_classname":""},"product-category":[238],"class_list":["post-3918","product","type-product","status-publish","has-post-thumbnail","hentry","product-category-jaguar"],"acf":[],"taxonomy_info":{"product-category":[{"value":238,"label":"Jaguar"}]},"featured_image_src_large":["https:\/\/gsaishockabsorber.com\/wp-content\/uploads\/2025\/06\/20309-1024x788.jpg",1024,788,true],"author_info":[],"comment_info":"","_links":{"self":[{"href":"https:\/\/gsaishockabsorber.com\/fr\/wp-json\/wp\/v2\/product\/3918","targetHints":{"allow":["GET"]}}],"collection":[{"href":"https:\/\/gsaishockabsorber.com\/fr\/wp-json\/wp\/v2\/product"}],"about":[{"href":"https:\/\/gsaishockabsorber.com\/fr\/wp-json\/wp\/v2\/types\/product"}],"wp:featuredmedia":[{"embeddable":true,"href":"https:\/\/gsaishockabsorber.com\/fr\/wp-json\/wp\/v2\/media\/3917"}],"wp:attachment":[{"href":"https:\/\/gsaishockabsorber.com\/fr\/wp-json\/wp\/v2\/media?parent=3918"}],"wp:term":[{"taxonomy":"product-category","embeddable":true,"href":"https:\/\/gsaishockabsorber.com\/fr\/wp-json\/wp\/v2\/product-category?post=3918"}],"curies":[{"name":"wp","href":"https:\/\/api.w.org\/{rel}","templated":true}]}}