{"id":4061,"date":"2025-07-18T12:00:46","date_gmt":"2025-07-18T12:00:46","guid":{"rendered":"https:\/\/gsaishockabsorber.com\/?post_type=product&#038;p=4061"},"modified":"2025-11-20T10:25:17","modified_gmt":"2025-11-20T10:25:17","slug":"g-sai-manufactures-oem-replacement-baic-bj60-compression-damping-rebound-adjustable-high-performance-suspension-nitrogen-shock-absorbers","status":"publish","type":"product","link":"https:\/\/gsaishockabsorber.com\/fr\/product\/g-sai-manufactures-oem-replacement-baic-bj60-compression-damping-rebound-adjustable-high-performance-suspension-nitrogen-shock-absorbers\/","title":{"rendered":"G-SAI fabrique Non rempla\u00e7ants OEM Adapt\u00e9s BAIC BJ60 Compression Damping Rebond r\u00e9glable Amortisseurs \u00e0 suspension haute performance \u00e0 azote"},"content":{"rendered":"<p>Caract\u00e9ristiques principales<\/p>\n\n\n\n<p>R\u00e9glage de l'amortissement multi-modes \u2013 Basculez entre les r\u00e9glages Confort, Sport et Tout-terrain<\/p>\n\n\n\n<p>Performances robustes \u2013 G\u00e8re les charges \u00e9lev\u00e9es et les conditions routi\u00e8res extr\u00eames<\/p>\n\n\n\n<p>Mat\u00e9riaux de qualit\u00e9 sup\u00e9rieure \u2013 R\u00e9sistant \u00e0 la corrosion, \u00e0 la chaleur et con\u00e7u pour durer<\/p>\n\n\n\n<p>Personnalisable pour des mod\u00e8les de camping-cars sp\u00e9cifiques \u2013 R\u00e9gl\u00e9 avec pr\u00e9cision pour diff\u00e9rents types de ch\u00e2ssis<\/p>\n\n\n\n<p>Sp\u00e9cifications techniques<\/p>\n\n\n\n<p>ParameterDetailsCompatibilityClass A, Classe C, VR hors route, remorques de voyageDamping AdjustmentManual &amp; Electronic (optional)Shock Body MaterialFerroxon High-Strength Tubing (USA)Sealing SystemUK &amp; Japan Premium SealsShock Absorber OilGerman High-Performance FluidSpring MaterialHigh-Strength Spring Steel (Japan)Operating Temperature-40\u00b0C to 120\u00b0CCustomiz ationTailored tuning for specific vehicle needs<\/p>\n\n\n\n<p>Pourquoi nous choisir<\/p>\n\n\n\n<p>Test\u00e9 dans des conditions extr\u00eames \u2013 Performances valid\u00e9es dans des environnements r\u00e9els<\/p>\n\n\n\n<p>Solutions personnalisables \u2013 Ajust\u00e9es pour diff\u00e9rentes conditions routi\u00e8res et diff\u00e9rents poids de v\u00e9hicules<\/p>\n\n\n\n<p>Ing\u00e9nierie de pr\u00e9cision \u2013 Composants usin\u00e9s CNC pour une fiabilit\u00e9 \u00e0 long terme<\/p>\n\n\n\n<p>Assistance d\u00e9di\u00e9e \u2013 Service apr\u00e8s-vente personnalis\u00e9 pour l'installation et le r\u00e9glage<\/p>\n\n\n\n<p>D\u00e9couvrez la diff\u00e9rence \u2013 Am\u00e9liorez la suspension de votre camping-car avec les amortisseurs haut de gamme GSS pour une conduite plus souple, plus s\u00fbre et plus confortable.<\/p>","protected":false},"excerpt":{"rendered":"<p>Key Features Multi-Mode Damping Adjustment \u2013 Switch between Comfort, Sport, and Off-Road settings Heavy-Duty Performance \u2013 Handles high loads and extreme road conditions Premium Materials \u2013 Corrosion-resistant, heat-resistant, and built to last Customizable for Specific RV Models \u2013 Fine-tuned for different chassis types Technical Specifications ParameterDetailsCompatibilityClass A, Classe C, VR hors route, remorques de voyageDamping AdjustmentManual &amp;&#8230;<\/p>","protected":false},"featured_media":4062,"parent":0,"template":"","meta":{"_acf_changed":true,"_kad_blocks_custom_css":"","_kad_blocks_head_custom_js":"","_kad_blocks_body_custom_js":"","_kad_blocks_footer_custom_js":"","_kad_post_transparent":"","_kad_post_title":"","_kad_post_layout":"","_kad_post_sidebar_id":"","_kad_post_content_style":"","_kad_post_vertical_padding":"","_kad_post_feature":"","_kad_post_feature_position":"","_kad_post_header":false,"_kad_post_footer":false,"_kad_post_classname":""},"product-category":[235],"class_list":["post-4061","product","type-product","status-publish","has-post-thumbnail","hentry","product-category-bj60"],"acf":[],"taxonomy_info":{"product-category":[{"value":235,"label":"BJ60"}]},"featured_image_src_large":["https:\/\/gsaishockabsorber.com\/wp-content\/uploads\/2025\/07\/BL60\u53cc\u5411-1024x718.jpg",1024,718,true],"author_info":[],"comment_info":"","_links":{"self":[{"href":"https:\/\/gsaishockabsorber.com\/fr\/wp-json\/wp\/v2\/product\/4061","targetHints":{"allow":["GET"]}}],"collection":[{"href":"https:\/\/gsaishockabsorber.com\/fr\/wp-json\/wp\/v2\/product"}],"about":[{"href":"https:\/\/gsaishockabsorber.com\/fr\/wp-json\/wp\/v2\/types\/product"}],"wp:featuredmedia":[{"embeddable":true,"href":"https:\/\/gsaishockabsorber.com\/fr\/wp-json\/wp\/v2\/media\/4062"}],"wp:attachment":[{"href":"https:\/\/gsaishockabsorber.com\/fr\/wp-json\/wp\/v2\/media?parent=4061"}],"wp:term":[{"taxonomy":"product-category","embeddable":true,"href":"https:\/\/gsaishockabsorber.com\/fr\/wp-json\/wp\/v2\/product-category?post=4061"}],"curies":[{"name":"wp","href":"https:\/\/api.w.org\/{rel}","templated":true}]}}