{"id":2542,"date":"2025-04-10T08:03:36","date_gmt":"2025-04-10T08:03:36","guid":{"rendered":"https:\/\/jiesai.easiwin.com\/?post_type=product&#038;p=2542"},"modified":"2025-11-19T07:00:27","modified_gmt":"2025-11-19T07:00:27","slug":"g-sai-manufacturing-4x4-nitrous-shock-absorber-nissan-y61-adjustable-compression-shock-absorber","status":"publish","type":"product","link":"https:\/\/gsaishockabsorber.com\/pt\/product\/g-sai-manufacturing-4x4-nitrous-shock-absorber-nissan-y61-adjustable-compression-shock-absorber\/","title":{"rendered":"G.SAI Fabrica\u00e7\u00e3o Amortecedor de Nitrog\u00eanio 4X4 Compat\u00edvel com Amortecedor de Compress\u00e3o Ajust\u00e1vel Nissan Y61"},"content":{"rendered":"<ul class=\"wp-block-list\">\n<li>Constru\u00e7\u00e3o de alta qualidade: O amortecedor industrial 4X4 de nitrog\u00eanio fabricado pela G.SAI \u00e9 feito de uma combina\u00e7\u00e3o dur\u00e1vel de a\u00e7o, alum\u00ednio e materiais de borracha, garantindo um desempenho robusto e confi\u00e1vel.<\/li>\n\n\n\n<li>Op\u00e7\u00f5es personalizadas: Este produto oferece uma op\u00e7\u00e3o de cor personalizada, permitindo que os usu\u00e1rios personalizem a apar\u00eancia de seus ve\u00edculos para atender \u00e0s suas prefer\u00eancias.<\/li>\n\n\n\n<li>Desempenho competitivo off-road: Projetado para entusiastas da condu\u00e7\u00e3o off-road competitiva, este amortecedor oferece melhor manuseio e estabilidade em terrenos irregulares.<\/li>\n\n\n\n<li>Ampla compatibilidade: O produto \u00e9 projetado especificamente para o modelo Nissan 100 NX de 1990-1994, garantindo um ajuste preciso para usu\u00e1rios que possuem este ve\u00edculo.<\/li>\n\n\n\n<li>Pre\u00e7os acess\u00edveis: Conforme solicitado pelo usu\u00e1rio, este amortecedor tem um pre\u00e7o acess\u00edvel, tornando-o uma op\u00e7\u00e3o atraente para quem procura uma atualiza\u00e7\u00e3o econ\u00f4mica.<\/li>\n<\/ul>\n\n\n\n<h2 class=\"wp-block-heading\">Por que nos escolher<\/h2>\n\n\n\n<p>Dongguan City Huashun Hardware Products Co., Ltd. est\u00e1 localizada na \u00e1rea administrativa de Shangyuan, na cidade de Qingxi<br>Dongguan, prov\u00edncia de Guangdong, com um ambiente bonito e transporte conveniente. Foi estabelecida em maio de 2009. Sob o apoio de clientes novos e antigos, passou de um \u00fanico processo para ter pesquisa e desenvolvimento, marketing, engenharia, m\u00e1quinas-ferramentas, processamento e qualidade de hardware integrado<br>ind\u00fastria Co.. Ltd. Possui principalmente tornos autom\u00e1ticos de precis\u00e3o importados, centro de usinagem CNC, tornos computadorizados CNC e outros equipamentos para produzir uma variedade de pe\u00e7as met\u00e1licas de precis\u00e3o para fabricantes em todo o pa\u00eds. Adequado para m\u00e1quinas de eletrodom\u00e9sticos, autope\u00e7as, equipamentos de pesca, fechaduras, equipamentos de comunica\u00e7\u00e3o, equipamentos de purifica\u00e7\u00e3o de \u00e1gua, equipamentos de encanamento, instrumentos \u00f3pticos e outras ind\u00fastrias. Atualmente, os principais produtos s\u00e3o rebites, porcas, parafusos, eixos exc\u00eantricos, eixos de copiadoras, eixos de m\u00e1quinas de fax, acess\u00f3rios de a\u00e7o inoxid\u00e1vel para purificadores de \u00e1gua e assim por diante. Os materiais processados s\u00e3o cobre, ferro, a\u00e7o, alum\u00ednio, POM, etc.<br>A empresa sempre aderiu \u00e0 filosofia de neg\u00f3cios \"cliente em primeiro lugar, qualidade em primeiro lugar, excel\u00eancia, coopera\u00e7\u00e3o e ganha-ganha\", dedicada a fornecer a melhor qualidade e servi\u00e7o eficiente para todos os clientes<\/p>","protected":false},"excerpt":{"rendered":"<p>Por que nos escolher? A Dongguan City Huashun Hardware Products Co., Ltd. est\u00e1 localizada na \u00e1rea administrativa de Shangyuan, na cidade de Qingxi, prov\u00edncia de Guangdong, com um ambiente agrad\u00e1vel e transporte conveniente. Foi estabelecida em maio de 2009. Com o apoio de clientes novos e antigos, passou de um processo \u00fanico para ter pesquisa e desenvolvimento, marketing, engenharia, ferramentas de m\u00e1quinas, processamento&#8230;<\/p>","protected":false},"featured_media":2531,"parent":0,"template":"","meta":{"_acf_changed":true,"_kad_blocks_custom_css":"","_kad_blocks_head_custom_js":"","_kad_blocks_body_custom_js":"","_kad_blocks_footer_custom_js":"","_kad_post_transparent":"","_kad_post_title":"","_kad_post_layout":"","_kad_post_sidebar_id":"","_kad_post_content_style":"","_kad_post_vertical_padding":"","_kad_post_feature":"","_kad_post_feature_position":"","_kad_post_header":false,"_kad_post_footer":false,"_kad_post_classname":""},"product-category":[155,156],"class_list":["post-2542","product","type-product","status-publish","has-post-thumbnail","hentry","product-category-nissan-series","product-category-y60-y61"],"acf":[],"taxonomy_info":{"product-category":[{"value":155,"label":"NISSAN"},{"value":156,"label":"Y60\/Y61"}]},"featured_image_src_large":["https:\/\/gsaishockabsorber.com\/wp-content\/uploads\/2025\/04\/Y6061\u538b\u7f29\u53ef\u8c03-1024x767.jpg",1024,767,true],"author_info":[],"comment_info":"","_links":{"self":[{"href":"https:\/\/gsaishockabsorber.com\/pt\/wp-json\/wp\/v2\/product\/2542","targetHints":{"allow":["GET"]}}],"collection":[{"href":"https:\/\/gsaishockabsorber.com\/pt\/wp-json\/wp\/v2\/product"}],"about":[{"href":"https:\/\/gsaishockabsorber.com\/pt\/wp-json\/wp\/v2\/types\/product"}],"wp:featuredmedia":[{"embeddable":true,"href":"https:\/\/gsaishockabsorber.com\/pt\/wp-json\/wp\/v2\/media\/2531"}],"wp:attachment":[{"href":"https:\/\/gsaishockabsorber.com\/pt\/wp-json\/wp\/v2\/media?parent=2542"}],"wp:term":[{"taxonomy":"product-category","embeddable":true,"href":"https:\/\/gsaishockabsorber.com\/pt\/wp-json\/wp\/v2\/product-category?post=2542"}],"curies":[{"name":"wp","href":"https:\/\/api.w.org\/{rel}","templated":true}]}}