{"id":2757,"date":"2025-04-19T03:37:49","date_gmt":"2025-04-19T03:37:49","guid":{"rendered":"https:\/\/jiesai.easiwin.com\/?post_type=product&#038;p=2757"},"modified":"2025-11-19T07:03:47","modified_gmt":"2025-11-19T07:03:47","slug":"g-sai-manufactured-4x4-nitrogen-shock-absorber-nissan-y62-regular-model","status":"publish","type":"product","link":"https:\/\/gsaishockabsorber.com\/pt\/product\/g-sai-manufactured-4x4-nitrogen-shock-absorber-nissan-y62-regular-model\/","title":{"rendered":"G.SAI Fabricado Amortecedor de Nitrog\u00eanio 4X4 Compat\u00edvel com modelo regular NISSAN Y62"},"content":{"rendered":"<p>Desempenho para servi\u00e7o pesado \u2013 Lida com cargas elevadas e condi\u00e7\u00f5es rodovi\u00e1rias extremas<\/p>\n\n\n\n<p>Materiais premium \u2013 Resistente \u00e0 corros\u00e3o, resistente ao calor e constru\u00eddo para durar<\/p>\n\n\n\n<p>Ajuste de amortecimento multi-modo \u2013 Alterne entre as configura\u00e7\u00f5es Conforto, Desporto e Off-Road<\/p>\n\n\n\n<p>Personaliz\u00e1vel para modelos RV espec\u00edficos \u2013 Ajustado para diferentes tipos de chassis<\/p>\n\n\n\n<p>Por que nos escolher<\/p>\n\n\n\n<ul class=\"wp-block-list\">\n<li>Testado para condi\u00e7\u00f5es extremas \u2013 Desempenho validado em ambientes do mundo real<\/li>\n\n\n\n<li>Solu\u00e7\u00f5es personaliz\u00e1veis \u2013 Ajustadas para diferentes condi\u00e7\u00f5es rodovi\u00e1rias e pesos de ve\u00edculos<\/li>\n\n\n\n<li>Engenharia de precis\u00e3o \u2013 Componentes usinados em CNC para confiabilidade a longo prazo<\/li>\n\n\n\n<li>Suporte dedicado \u2013 Servi\u00e7o p\u00f3s-venda individual para instala\u00e7\u00e3o e afina\u00e7\u00e3o<\/li>\n\n\n\n<li>Experimente a diferen\u00e7a \u2013 Melhore a suspens\u00e3o do seu RV com amortecedores premium GSS para uma condu\u00e7\u00e3o mais suave, segura e confort\u00e1vel.<\/li>\n<\/ul>\n\n\n\n<p><\/p>","protected":false},"excerpt":{"rendered":"<p>Desempenho para servi\u00e7o pesado \u2013 Lida com cargas pesadas e condi\u00e7\u00f5es extremas da estrada Materiais premium \u2013 Resistente \u00e0 corros\u00e3o, resistente ao calor e constru\u00eddo para durar Ajuste de amortecimento multimodo \u2013 Alterne entre as configura\u00e7\u00f5es Conforto, Esporte e Off-Road Personaliz\u00e1vel para modelos espec\u00edficos de RV \u2013 Ajustado para diferentes tipos de chassis Por que nos escolher<\/p>","protected":false},"featured_media":2766,"parent":0,"template":"","meta":{"_acf_changed":true,"_kad_blocks_custom_css":"","_kad_blocks_head_custom_js":"","_kad_blocks_body_custom_js":"","_kad_blocks_footer_custom_js":"","_kad_post_transparent":"","_kad_post_title":"","_kad_post_layout":"","_kad_post_sidebar_id":"","_kad_post_content_style":"","_kad_post_vertical_padding":"","_kad_post_feature":"","_kad_post_feature_position":"","_kad_post_header":false,"_kad_post_footer":false,"_kad_post_classname":""},"product-category":[155,157],"class_list":["post-2757","product","type-product","status-publish","has-post-thumbnail","hentry","product-category-nissan-series","product-category-y62"],"acf":[],"taxonomy_info":{"product-category":[{"value":155,"label":"NISSAN"},{"value":157,"label":"Y62"}]},"featured_image_src_large":["https:\/\/gsaishockabsorber.com\/wp-content\/uploads\/2025\/04\/Y62\u5957\u56fe9-1024x788.jpg",1024,788,true],"author_info":[],"comment_info":"","_links":{"self":[{"href":"https:\/\/gsaishockabsorber.com\/pt\/wp-json\/wp\/v2\/product\/2757","targetHints":{"allow":["GET"]}}],"collection":[{"href":"https:\/\/gsaishockabsorber.com\/pt\/wp-json\/wp\/v2\/product"}],"about":[{"href":"https:\/\/gsaishockabsorber.com\/pt\/wp-json\/wp\/v2\/types\/product"}],"wp:featuredmedia":[{"embeddable":true,"href":"https:\/\/gsaishockabsorber.com\/pt\/wp-json\/wp\/v2\/media\/2766"}],"wp:attachment":[{"href":"https:\/\/gsaishockabsorber.com\/pt\/wp-json\/wp\/v2\/media?parent=2757"}],"wp:term":[{"taxonomy":"product-category","embeddable":true,"href":"https:\/\/gsaishockabsorber.com\/pt\/wp-json\/wp\/v2\/product-category?post=2757"}],"curies":[{"name":"wp","href":"https:\/\/api.w.org\/{rel}","templated":true}]}}