{"id":3392,"date":"2025-06-03T12:02:06","date_gmt":"2025-06-03T12:02:06","guid":{"rendered":"https:\/\/gsaishockabsorber.com\/?post_type=product&#038;p=3392"},"modified":"2025-11-19T10:47:40","modified_gmt":"2025-11-19T10:47:40","slug":"g-sai-manufacturing-toyota-tundra-electronic-control-adjustment-nitrogen-shock-absorbers-oem-replacement-for-2000-2025-toyota-truck-suv-high-performance-suspension","status":"publish","type":"product","link":"https:\/\/gsaishockabsorber.com\/pt\/product\/g-sai-manufacturing-toyota-tundra-electronic-control-adjustment-nitrogen-shock-absorbers-oem-replacement-for-2000-2025-toyota-truck-suv-high-performance-suspension\/","title":{"rendered":"G-SAI fabrica\u00e7\u00e3o Compat\u00edvel com amortecedores de nitrog\u00eanio ajust\u00e1veis com controle eletr\u00f4nico para TOYOTA Tundra | Substitui\u00e7\u00e3o n\u00e3o-OEM para Caminhonete\/SUV TOYOTA 2000-2025 | Suspens\u00e3o de Alto Desempenho"},"content":{"rendered":"<p class=\"has-larger-font-size\"><strong>Principais caracter\u00edsticas<\/strong><\/p>\n\n\n\n<ul class=\"wp-block-list\">\n<li class=\"has-medium-font-size\">Ajuste de amortecimento multi-modo \u2013 Alterne entre as configura\u00e7\u00f5es Conforto, Desporto e Off-Road<\/li>\n\n\n\n<li class=\"has-medium-font-size\">Desempenho para servi\u00e7o pesado \u2013 Lida com cargas elevadas e condi\u00e7\u00f5es rodovi\u00e1rias extremas<\/li>\n\n\n\n<li class=\"has-medium-font-size\">Materiais premium \u2013 Resistente \u00e0 corros\u00e3o, resistente ao calor e constru\u00eddo para durar<\/li>\n\n\n\n<li class=\"has-medium-font-size\">Personaliz\u00e1vel para modelos RV espec\u00edficos \u2013 Ajustado para diferentes tipos de chassis<\/li>\n<\/ul>\n\n\n\n<p class=\"has-larger-font-size\"><strong>Especifica\u00e7\u00f5es t\u00e9cnicas<\/strong><\/p>\n\n\n\n<figure class=\"wp-block-table\"><table><thead><tr><th>Par\u00e2metro<\/th><th>Detalhes<\/th><\/tr><\/thead><tbody><tr><td>Compatibilidade<\/td><td>Classe A, Classe C, RVs off-road, Reboques de viagem<\/td><\/tr><tr><td>Ajuste de amortecimento<\/td><td>Manual e eletr\u00f3nico (opcional)<\/td><\/tr><tr><td>Material do corpo do amortecedor<\/td><td>Tubagem de alta resist\u00eancia Ferroxon (EUA)<\/td><\/tr><tr><td>Sistema de veda\u00e7\u00e3o<\/td><td>Veda\u00e7\u00f5es premium do Reino Unido e do Jap\u00e3o<\/td><\/tr><tr><td>\u00d3leo do amortecedor<\/td><td>Fluido de alto desempenho alem\u00e3o<\/td><\/tr><tr><td>Material da mola<\/td><td>A\u00e7o mola de alta resist\u00eancia (Jap\u00e3o)<\/td><\/tr><tr><td>Temperatura de opera\u00e7\u00e3o<\/td><td>-40\u00b0C a 120\u00b0C<\/td><\/tr><tr><td>Personaliza\u00e7\u00e3o<\/td><td>Afina\u00e7\u00e3o personalizada para necessidades espec\u00edficas do ve\u00edculo<\/td><\/tr><\/tbody><\/table><\/figure>\n\n\n\n<p class=\"has-larger-font-size\"><strong>Por que escolher-nos<\/strong><\/p>\n\n\n\n<p>1. Testado em condi\u00e7\u00f5es extremas \u2013 Desempenho validado em ambientes reais<\/p>\n\n\n\n<p>  2. Solu\u00e7\u00f5es personaliz\u00e1veis \u2013 Ajustadas para diferentes condi\u00e7\u00f5es de estrada e pesos de ve\u00edculos<\/p>\n\n\n\n<p>  3. Engenharia de precis\u00e3o \u2013 Componentes usinados em CNC para confiabilidade a longo prazo<\/p>\n\n\n\n<p>  4. Suporte dedicado \u2013 Servi\u00e7o p\u00f3s-venda individual para instala\u00e7\u00e3o e ajuste<\/p>\n\n\n\n<p>5. Experimente a diferen\u00e7a - Actualize a suspens\u00e3o do seu ve\u00edculo de recreio com os amortecedores de qualidade superior GSS para uma condu\u00e7\u00e3o mais suave, segura e confort\u00e1vel<\/p>","protected":false},"excerpt":{"rendered":"<p>Principais Caracter\u00edsticas Especifica\u00e7\u00f5es T\u00e9cnicas Detalhes dos Par\u00e2metros Compatibilidade Classe A, Classe C, RVs Off-Road, Trailers de Viagem Ajuste de Amortecimento Manual e Eletr\u00f4nico (opcional) Material do Corpo do Amortecedor Tubula\u00e7\u00e3o de Alta Resist\u00eancia Ferroxon (EUA) Sistema de Veda\u00e7\u00e3o Veda\u00e7\u00f5es Premium do Reino Unido e Jap\u00e3o \u00d3leo do Amortecedor Fluido Alem\u00e3o de Alto Desempenho Material da Mola A\u00e7o Mola de Alta Resist\u00eancia (Jap\u00e3o) Temperatura de Opera\u00e7\u00e3o -40\u00b0C a 120\u00b0C Personaliza\u00e7\u00e3o Sob Medida&#8230;<\/p>","protected":false},"featured_media":3393,"parent":0,"template":"","meta":{"_acf_changed":true,"_kad_blocks_custom_css":"","_kad_blocks_head_custom_js":"","_kad_blocks_body_custom_js":"","_kad_blocks_footer_custom_js":"","_kad_post_transparent":"","_kad_post_title":"","_kad_post_layout":"","_kad_post_sidebar_id":"","_kad_post_content_style":"","_kad_post_vertical_padding":"","_kad_post_feature":"","_kad_post_feature_position":"","_kad_post_header":false,"_kad_post_footer":false,"_kad_post_classname":""},"product-category":[111,99],"class_list":["post-3392","product","type-product","status-publish","has-post-thumbnail","hentry","product-category-tundra","product-category-toyota-series"],"acf":[],"taxonomy_info":{"product-category":[{"value":111,"label":"Tundra"},{"value":99,"label":"Toyota"}]},"featured_image_src_large":["https:\/\/gsaishockabsorber.com\/wp-content\/uploads\/2025\/06\/\u5766\u9014\u7535\u63a7-1-1024x759.jpg",1024,759,true],"author_info":[],"comment_info":"","_links":{"self":[{"href":"https:\/\/gsaishockabsorber.com\/pt\/wp-json\/wp\/v2\/product\/3392","targetHints":{"allow":["GET"]}}],"collection":[{"href":"https:\/\/gsaishockabsorber.com\/pt\/wp-json\/wp\/v2\/product"}],"about":[{"href":"https:\/\/gsaishockabsorber.com\/pt\/wp-json\/wp\/v2\/types\/product"}],"wp:featuredmedia":[{"embeddable":true,"href":"https:\/\/gsaishockabsorber.com\/pt\/wp-json\/wp\/v2\/media\/3393"}],"wp:attachment":[{"href":"https:\/\/gsaishockabsorber.com\/pt\/wp-json\/wp\/v2\/media?parent=3392"}],"wp:term":[{"taxonomy":"product-category","embeddable":true,"href":"https:\/\/gsaishockabsorber.com\/pt\/wp-json\/wp\/v2\/product-category?post=3392"}],"curies":[{"name":"wp","href":"https:\/\/api.w.org\/{rel}","templated":true}]}}