{"id":3921,"date":"2025-06-11T02:26:48","date_gmt":"2025-06-11T02:26:48","guid":{"rendered":"https:\/\/gsaishockabsorber.com\/?post_type=product&#038;p=3921"},"modified":"2025-11-22T02:19:51","modified_gmt":"2025-11-22T02:19:51","slug":"g-sai-manufactures-oem-replacement-jaguar-2030-three-channel-adjustable-high-performance-suspension-nitrogen-shock-absorbers","status":"publish","type":"product","link":"https:\/\/gsaishockabsorber.com\/pt\/product\/g-sai-manufactures-oem-replacement-jaguar-2030-three-channel-adjustable-high-performance-suspension-nitrogen-shock-absorbers\/","title":{"rendered":"A G-SAI fabrica amortecedores de azoto para substitui\u00e7\u00e3o OEM Jaguar 2030 de tr\u00eas canais ajust\u00e1veis High-Performance Suspension"},"content":{"rendered":"<h3 class=\"wp-block-heading\">Principais caracter\u00edsticas<\/h3>\n\n\n\n<ul class=\"wp-block-list\">\n<li>Ajuste de amortecimento multi-modo \u2013 Alterne entre as configura\u00e7\u00f5es Conforto, Desporto e Off-Road<\/li>\n\n\n\n<li>Desempenho para servi\u00e7o pesado \u2013 Lida com cargas elevadas e condi\u00e7\u00f5es rodovi\u00e1rias extremas<\/li>\n\n\n\n<li>Materiais premium \u2013 Resistente \u00e0 corros\u00e3o, resistente ao calor e constru\u00eddo para durar<\/li>\n\n\n\n<li>Personaliz\u00e1vel para modelos RV espec\u00edficos \u2013 Ajustado para diferentes tipos de chassis<\/li>\n<\/ul>\n\n\n\n<h2 class=\"wp-block-heading\">Especifica\u00e7\u00f5es t\u00e9cnicas<\/h2>\n\n\n\n<figure class=\"wp-block-table\"><table><thead><tr><th>Par\u00e2metro<\/th><th>Detalhes<\/th><\/tr><\/thead><tbody><tr><td>Compatibilidade<\/td><td>Classe A, Classe C, RVs off-road, Reboques de viagem<\/td><\/tr><tr><td>Ajuste de amortecimento<\/td><td>Manual e eletr\u00f3nico (opcional)<\/td><\/tr><tr><td>Material do corpo do amortecedor<\/td><td>Tubagem de alta resist\u00eancia Ferroxon (EUA)<\/td><\/tr><tr><td>Sistema de veda\u00e7\u00e3o<\/td><td>Veda\u00e7\u00f5es premium do Reino Unido e do Jap\u00e3o<\/td><\/tr><tr><td>\u00d3leo do amortecedor<\/td><td>Fluido de alto desempenho alem\u00e3o<\/td><\/tr><tr><td>Material da mola<\/td><td>A\u00e7o mola de alta resist\u00eancia (Jap\u00e3o)<\/td><\/tr><tr><td>Temperatura de opera\u00e7\u00e3o<\/td><td>-40\u00b0C a 120\u00b0C<\/td><\/tr><tr><td>Personaliza\u00e7\u00e3o<\/td><td>Afina\u00e7\u00e3o personalizada para necessidades espec\u00edficas do ve\u00edculo<\/td><\/tr><\/tbody><\/table><\/figure>\n\n\n\n<h2 class=\"wp-block-heading\">Por que escolher-nos<\/h2>\n\n\n\n<ul class=\"wp-block-list\">\n<li>Testado para condi\u00e7\u00f5es extremas \u2013 Desempenho validado em ambientes do mundo real<\/li>\n\n\n\n<li>Solu\u00e7\u00f5es personaliz\u00e1veis \u2013 Ajustadas para diferentes condi\u00e7\u00f5es rodovi\u00e1rias e pesos de ve\u00edculos<\/li>\n\n\n\n<li>Engenharia de precis\u00e3o \u2013 Componentes usinados em CNC para confiabilidade a longo prazo<\/li>\n\n\n\n<li>Suporte dedicado \u2013 Servi\u00e7o p\u00f3s-venda individual para instala\u00e7\u00e3o e afina\u00e7\u00e3o<\/li>\n\n\n\n<li>Experimente a diferen\u00e7a \u2013 Melhore a suspens\u00e3o do seu RV com amortecedores premium GSS para uma condu\u00e7\u00e3o mais suave, segura e confort\u00e1vel.<\/li>\n<\/ul>\n\n\n\n<p><\/p>","protected":false},"excerpt":{"rendered":"<p>Principais Caracter\u00edsticas Especifica\u00e7\u00f5es T\u00e9cnicas Detalhes dos Par\u00e2metros Compatibilidade Classe A, Classe C, RVs Off-Road, Trailers de Viagem Ajuste de Amortecimento Manual e Eletr\u00f4nico (opcional) Material do Corpo do Amortecedor Tubula\u00e7\u00e3o de Alta Resist\u00eancia Ferroxon (EUA) Sistema de Veda\u00e7\u00e3o Veda\u00e7\u00f5es Premium do Reino Unido e Jap\u00e3o \u00d3leo do Amortecedor Fluido Alem\u00e3o de Alto Desempenho Material da Mola A\u00e7o Mola de Alta Resist\u00eancia (Jap\u00e3o) Temperatura de Opera\u00e7\u00e3o -40\u00b0C a 120\u00b0C Personaliza\u00e7\u00e3o Sob Medida&#8230;<\/p>","protected":false},"featured_media":3913,"parent":0,"template":"","meta":{"_acf_changed":true,"_kad_blocks_custom_css":"","_kad_blocks_head_custom_js":"","_kad_blocks_body_custom_js":"","_kad_blocks_footer_custom_js":"","_kad_post_transparent":"","_kad_post_title":"","_kad_post_layout":"","_kad_post_sidebar_id":"","_kad_post_content_style":"","_kad_post_vertical_padding":"","_kad_post_feature":"","_kad_post_feature_position":"","_kad_post_header":false,"_kad_post_footer":false,"_kad_post_classname":""},"product-category":[238],"class_list":["post-3921","product","type-product","status-publish","has-post-thumbnail","hentry","product-category-jaguar"],"acf":[],"taxonomy_info":{"product-category":[{"value":238,"label":"Jaguar"}]},"featured_image_src_large":["https:\/\/gsaishockabsorber.com\/wp-content\/uploads\/2025\/06\/20305-1024x788.jpg",1024,788,true],"author_info":[],"comment_info":"","_links":{"self":[{"href":"https:\/\/gsaishockabsorber.com\/pt\/wp-json\/wp\/v2\/product\/3921","targetHints":{"allow":["GET"]}}],"collection":[{"href":"https:\/\/gsaishockabsorber.com\/pt\/wp-json\/wp\/v2\/product"}],"about":[{"href":"https:\/\/gsaishockabsorber.com\/pt\/wp-json\/wp\/v2\/types\/product"}],"wp:featuredmedia":[{"embeddable":true,"href":"https:\/\/gsaishockabsorber.com\/pt\/wp-json\/wp\/v2\/media\/3913"}],"wp:attachment":[{"href":"https:\/\/gsaishockabsorber.com\/pt\/wp-json\/wp\/v2\/media?parent=3921"}],"wp:term":[{"taxonomy":"product-category","embeddable":true,"href":"https:\/\/gsaishockabsorber.com\/pt\/wp-json\/wp\/v2\/product-category?post=3921"}],"curies":[{"name":"wp","href":"https:\/\/api.w.org\/{rel}","templated":true}]}}