{"id":4068,"date":"2025-07-18T12:31:04","date_gmt":"2025-07-18T12:31:04","guid":{"rendered":"https:\/\/gsaishockabsorber.com\/?post_type=product&#038;p=4068"},"modified":"2025-11-20T10:24:43","modified_gmt":"2025-11-20T10:24:43","slug":"g-sai-manufactures-oem-replacement-baic-bj60-electronic-controls-compression-damping-rebound-adjustable-high-performance-suspension-nitrogen-shock-absorbers","status":"publish","type":"product","link":"https:\/\/gsaishockabsorber.com\/pt\/product\/g-sai-manufactures-oem-replacement-baic-bj60-electronic-controls-compression-damping-rebound-adjustable-high-performance-suspension-nitrogen-shock-absorbers\/","title":{"rendered":"A G-SAI fabrica substitui\u00e7\u00e3o n\u00e3o OEM compat\u00edvel com BAIC BJ60 Amortecedores de suspens\u00e3o de alto desempenho com nitrog\u00eanio ajust\u00e1veis em compress\u00e3o, amortecimento e retorno com controles eletr\u00f4nicos"},"content":{"rendered":"<p>Principais caracter\u00edsticas<\/p>\n\n\n\n<p>Ajuste de amortecimento multi-modo \u2013 Alterne entre as configura\u00e7\u00f5es Conforto, Desporto e Off-Road<\/p>\n\n\n\n<p>Desempenho para servi\u00e7o pesado \u2013 Lida com cargas elevadas e condi\u00e7\u00f5es rodovi\u00e1rias extremas<\/p>\n\n\n\n<p>Materiais premium \u2013 Resistente \u00e0 corros\u00e3o, resistente ao calor e constru\u00eddo para durar<\/p>\n\n\n\n<p>Personaliz\u00e1vel para modelos RV espec\u00edficos \u2013 Ajustado para diferentes tipos de chassis<\/p>\n\n\n\n<p>Especifica\u00e7\u00f5es t\u00e9cnicas<\/p>\n\n\n\n<p>ParameterDetailsCompatibilidadeClasse A, Classe C, RVs Off-Road, Trailers de ViagemAjuste de AmortecimentoManual e Eletr\u00f4nico (opcional)Material do Corpo do AmortecedorTubo de Alta Resist\u00eancia Ferroxon (EUA)Sistema de Veda\u00e7\u00e3oVeda\u00e7\u00f5es Premium do Reino Unido e Jap\u00e3o\u00d3leo do AmortecedorFluido de Alto Desempenho Alem\u00e3oMaterial da MolaA\u00e7o Mola de Alta Resist\u00eancia (Jap\u00e3o)Temperatura de Opera\u00e7\u00e3o-40\u00b0C a 120\u00b0CCustomiza\u00e7\u00e3oAjuste sob medida para necessidades espec\u00edficas do ve\u00edculo<\/p>\n\n\n\n<p>Por que escolher-nos<\/p>\n\n\n\n<p>Testado para condi\u00e7\u00f5es extremas \u2013 Desempenho validado em ambientes do mundo real<\/p>\n\n\n\n<p>Solu\u00e7\u00f5es personaliz\u00e1veis \u2013 Ajustadas para diferentes condi\u00e7\u00f5es rodovi\u00e1rias e pesos de ve\u00edculos<\/p>\n\n\n\n<p>Engenharia de precis\u00e3o \u2013 Componentes usinados em CNC para confiabilidade a longo prazo<\/p>\n\n\n\n<p>Suporte dedicado \u2013 Servi\u00e7o p\u00f3s-venda individual para instala\u00e7\u00e3o e afina\u00e7\u00e3o<\/p>\n\n\n\n<p>Experimente a diferen\u00e7a \u2013 Melhore a suspens\u00e3o do seu RV com amortecedores premium GSS para uma condu\u00e7\u00e3o mais suave, segura e confort\u00e1vel.<\/p>","protected":false},"excerpt":{"rendered":"<p>Principais Caracter\u00edsticas Ajuste de Amortecimento Multi-Modo \u2013 Alterne entre as configura\u00e7\u00f5es Conforto, Esporte e Off-Road Desempenho Robusto \u2013 Lida com cargas pesadas e condi\u00e7\u00f5es rodovi\u00e1rias extremas Materiais Premium \u2013 Resistente \u00e0 corros\u00e3o, resistente ao calor e constru\u00eddo para durar Personaliz\u00e1vel para Modelos RV Espec\u00edficos \u2013 Ajustado para diferentes tipos de chassi Especifica\u00e7\u00f5es T\u00e9cnicas ParameterDetailsCompatibilidadeClasse A, Classe C, RVs Off-Road, Trailers de ViagemAjuste de AmortecimentoManual &amp;&#8230;<\/p>","protected":false},"featured_media":4067,"parent":0,"template":"","meta":{"_acf_changed":true,"_kad_blocks_custom_css":"","_kad_blocks_head_custom_js":"","_kad_blocks_body_custom_js":"","_kad_blocks_footer_custom_js":"","_kad_post_transparent":"","_kad_post_title":"","_kad_post_layout":"","_kad_post_sidebar_id":"","_kad_post_content_style":"","_kad_post_vertical_padding":"","_kad_post_feature":"","_kad_post_feature_position":"","_kad_post_header":false,"_kad_post_footer":false,"_kad_post_classname":""},"product-category":[235],"class_list":["post-4068","product","type-product","status-publish","has-post-thumbnail","hentry","product-category-bj60"],"acf":[],"taxonomy_info":{"product-category":[{"value":235,"label":"BJ60"}]},"featured_image_src_large":["https:\/\/gsaishockabsorber.com\/wp-content\/uploads\/2025\/07\/\u7535\u63a7-1024x734.jpg",1024,734,true],"author_info":[],"comment_info":"","_links":{"self":[{"href":"https:\/\/gsaishockabsorber.com\/pt\/wp-json\/wp\/v2\/product\/4068","targetHints":{"allow":["GET"]}}],"collection":[{"href":"https:\/\/gsaishockabsorber.com\/pt\/wp-json\/wp\/v2\/product"}],"about":[{"href":"https:\/\/gsaishockabsorber.com\/pt\/wp-json\/wp\/v2\/types\/product"}],"wp:featuredmedia":[{"embeddable":true,"href":"https:\/\/gsaishockabsorber.com\/pt\/wp-json\/wp\/v2\/media\/4067"}],"wp:attachment":[{"href":"https:\/\/gsaishockabsorber.com\/pt\/wp-json\/wp\/v2\/media?parent=4068"}],"wp:term":[{"taxonomy":"product-category","embeddable":true,"href":"https:\/\/gsaishockabsorber.com\/pt\/wp-json\/wp\/v2\/product-category?post=4068"}],"curies":[{"name":"wp","href":"https:\/\/api.w.org\/{rel}","templated":true}]}}