{"id":2767,"date":"2025-04-19T03:46:43","date_gmt":"2025-04-19T03:46:43","guid":{"rendered":"https:\/\/jiesai.easiwin.com\/?post_type=product&#038;p=2767"},"modified":"2025-11-19T06:44:40","modified_gmt":"2025-11-19T06:44:40","slug":"g-sai-manufacturing-4x4-nitrous-shock-absorber-nissan-y62-adjustable-compression-shock-absorber","status":"publish","type":"product","link":"https:\/\/gsaishockabsorber.com\/tr\/product\/g-sai-manufacturing-4x4-nitrous-shock-absorber-nissan-y62-adjustable-compression-shock-absorber\/","title":{"rendered":"G.SAI Manufacturing 4X4 Nitrous Amortis\u00f6r Nissan Y62 ile Uyumlu Ayarlanabilir S\u0131k\u0131\u015ft\u0131rma Amortis\u00f6r\u00fc"},"content":{"rendered":"<ul class=\"wp-block-list\">\n<li>Y\u00fcksek Kaliteli Yap\u0131: G.SAI taraf\u0131ndan \u00fcretilen end\u00fcstriyel amortis\u00f6r 4X4 nitrojen, sa\u011flam ve g\u00fcvenilir bir performans sa\u011flayan \u00e7elik, al\u00fcminyum ve kau\u00e7uk malzemelerin dayan\u0131kl\u0131 bir kombinasyonundan \u00fcretilmi\u015ftir.<\/li>\n\n\n\n<li>\u00d6zelle\u015ftirilmi\u015f Se\u00e7enekler: Bu \u00fcr\u00fcn, kullan\u0131c\u0131lar\u0131n ara\u00e7lar\u0131n\u0131n g\u00f6r\u00fcn\u00fcm\u00fcn\u00fc tercihlerine g\u00f6re ki\u015fiselle\u015ftirmelerine olanak tan\u0131yan \u00f6zelle\u015ftirilmi\u015f bir renk se\u00e7ene\u011fi sunar.<\/li>\n\n\n\n<li>Rekabet\u00e7i Off-Road Performans\u0131: Rekabet\u00e7i off-road s\u00fcr\u00fc\u015f merakl\u0131lar\u0131 i\u00e7in tasarlanan bu amortis\u00f6r, engebeli arazide geli\u015fmi\u015f yol tutu\u015fu ve denge sa\u011flar.<\/li>\n\n\n\n<li>Geni\u015f Uyumluluk: \u00dcr\u00fcn, 1990-1994 model Nissan 100 NX i\u00e7in \u00f6zel olarak tasarlanm\u0131\u015ft\u0131r ve bu araca sahip kullan\u0131c\u0131lar i\u00e7in hassas bir uyum sa\u011flar.<\/li>\n\n\n\n<li>Uygun Fiyatland\u0131rma: Kullan\u0131c\u0131n\u0131n iste\u011fi \u00fczerine, bu amortis\u00f6r uygun fiyatl\u0131d\u0131r ve b\u00fct\u00e7e dostu bir y\u00fckseltme arayanlar i\u00e7in cazip bir se\u00e7enek haline getirir.<\/li>\n<\/ul>\n\n\n\n<h2 class=\"wp-block-heading\">Neden bizi se\u00e7melisiniz<\/h2>\n\n\n\n<p>Dongguan City Huashun Donan\u0131m \u00dcr\u00fcnleri Co., Ltd., Qingxi kasabas\u0131n\u0131n Shangyuan y\u00f6netim alan\u0131nda yer almaktad\u0131r.<br>Dongguan, Guangdong Eyaleti, g\u00fczel bir \u00e7evreye ve kolay ula\u015f\u0131ma sahiptir. May\u0131s 2009'da kurulmu\u015ftur. Yeni ve eski m\u00fc\u015fterilerin deste\u011fiyle, tek bir s\u00fcre\u00e7ten ara\u015ft\u0131rma ve geli\u015ftirme, pazarlama, m\u00fchendislik, tak\u0131m tezgahlar\u0131, i\u015fleme ve entegre donan\u0131m kalitesine ge\u00e7mi\u015ftir.<br>sanayi Co.. Ltd. Ba\u015fl\u0131ca ithal hassas otomatik tornalar, CNC i\u015fleme merkezi, CNC bilgisayar tornalar\u0131 ve \u00fclke genelindeki \u00fcreticiler i\u00e7in \u00e7e\u015fitli hassas metal par\u00e7alar \u00fcretmek i\u00e7in di\u011fer ekipmanlara sahiptir. Ev aletleri makineleri, otomobil par\u00e7alar\u0131, bal\u0131k\u00e7\u0131l\u0131k tak\u0131mlar\u0131, kilitler, ileti\u015fim ekipmanlar\u0131, su ar\u0131tma ekipmanlar\u0131, s\u0131hhi tesisat ekipmanlar\u0131 optik aletler ve di\u011fer end\u00fcstriler i\u00e7in uygundur. \u015eu anda, ana \u00fcr\u00fcnler per\u00e7inler, somunlar, vidalar, eksantrik miller, mil fotokopi makineleri, faks makineleri milleri, su ar\u0131t\u0131c\u0131lar\u0131 paslanmaz \u00e7elik ba\u011flant\u0131 par\u00e7alar\u0131 vb. \u0130\u015flenmi\u015f malzemeler bak\u0131r, demir, \u00e7elik al\u00fcminyum, POM.vb.<br>\u015eirket, her zaman \"\u00f6nce m\u00fc\u015fteri, \u00f6nce kalite, m\u00fckemmellik, i\u015fbirli\u011fi ve kazan-kazan\" i\u015f felsefesine ba\u011fl\u0131 kalarak, t\u00fcm m\u00fc\u015fteriler i\u00e7in en iyi kalite ve verimli hizmeti sunmaya kendini adam\u0131\u015ft\u0131r.<\/p>\n\n\n\n<p><\/p>","protected":false},"excerpt":{"rendered":"<p>Neden bizi se\u00e7melisiniz? Dongguan City Huashun Donan\u0131m \u00dcr\u00fcnleri Co., Ltd., g\u00fczel bir \u00e7evreye ve elveri\u015fli ula\u015f\u0131ma sahip, Qingxi kasabas\u0131 Dongguan, Guangdong Eyaleti'nin Shangyuan y\u00f6netim b\u00f6lgesinde yer almaktad\u0131r. May\u0131s 2009'da kurulmu\u015ftur. Yeni ve eski m\u00fc\u015fterilerin deste\u011fiyle, tek bir s\u00fcre\u00e7ten ara\u015ft\u0131rma ve geli\u015ftirme, pazarlama, m\u00fchendislik, tak\u0131m tezgahlar\u0131, i\u015fleme...<\/p>","protected":false},"featured_media":2765,"parent":0,"template":"","meta":{"_acf_changed":true,"_kad_blocks_custom_css":"","_kad_blocks_head_custom_js":"","_kad_blocks_body_custom_js":"","_kad_blocks_footer_custom_js":"","_kad_post_transparent":"","_kad_post_title":"","_kad_post_layout":"","_kad_post_sidebar_id":"","_kad_post_content_style":"","_kad_post_vertical_padding":"","_kad_post_feature":"","_kad_post_feature_position":"","_kad_post_header":false,"_kad_post_footer":false,"_kad_post_classname":""},"product-category":[155,157],"class_list":["post-2767","product","type-product","status-publish","has-post-thumbnail","hentry","product-category-nissan-series","product-category-y62"],"acf":[],"taxonomy_info":{"product-category":[{"value":155,"label":"NISSAN"},{"value":157,"label":"Y62"}]},"featured_image_src_large":["https:\/\/gsaishockabsorber.com\/wp-content\/uploads\/2025\/04\/Y62-\u538b\u7f29-1024x759.jpg",1024,759,true],"author_info":[],"comment_info":"","_links":{"self":[{"href":"https:\/\/gsaishockabsorber.com\/tr\/wp-json\/wp\/v2\/product\/2767","targetHints":{"allow":["GET"]}}],"collection":[{"href":"https:\/\/gsaishockabsorber.com\/tr\/wp-json\/wp\/v2\/product"}],"about":[{"href":"https:\/\/gsaishockabsorber.com\/tr\/wp-json\/wp\/v2\/types\/product"}],"wp:featuredmedia":[{"embeddable":true,"href":"https:\/\/gsaishockabsorber.com\/tr\/wp-json\/wp\/v2\/media\/2765"}],"wp:attachment":[{"href":"https:\/\/gsaishockabsorber.com\/tr\/wp-json\/wp\/v2\/media?parent=2767"}],"wp:term":[{"taxonomy":"product-category","embeddable":true,"href":"https:\/\/gsaishockabsorber.com\/tr\/wp-json\/wp\/v2\/product-category?post=2767"}],"curies":[{"name":"wp","href":"https:\/\/api.w.org\/{rel}","templated":true}]}}