{"id":2768,"date":"2025-04-19T03:56:04","date_gmt":"2025-04-19T03:56:04","guid":{"rendered":"https:\/\/jiesai.easiwin.com\/?post_type=product&#038;p=2768"},"modified":"2025-11-19T06:39:11","modified_gmt":"2025-11-19T06:39:11","slug":"g-sai-manufacturing-4x4-nitrous-shock-absorber-nissan-y62-two-way-adjustable-shock-absorber","status":"publish","type":"product","link":"https:\/\/gsaishockabsorber.com\/tr\/product\/g-sai-manufacturing-4x4-nitrous-shock-absorber-nissan-y62-two-way-adjustable-shock-absorber\/","title":{"rendered":"G.SAI Manufacturing 4X4 Nitrous Amortis\u00f6r Nissan Y62 ile Uyumlu \u00c7ift Y\u00f6nl\u00fc Ayarlanabilir Amortis\u00f6r"},"content":{"rendered":"<ul class=\"wp-block-list\">\n<li>Y\u00fcksek Kaliteli Yap\u0131: G.SAI taraf\u0131ndan \u00fcretilen end\u00fcstriyel amortis\u00f6r 4X4 nitrojen, sa\u011flam ve g\u00fcvenilir bir performans sa\u011flayan \u00e7elik, al\u00fcminyum ve kau\u00e7uk malzemelerin dayan\u0131kl\u0131 bir kombinasyonundan \u00fcretilmi\u015ftir.<\/li>\n\n\n\n<li>\u00d6zelle\u015ftirilmi\u015f Se\u00e7enekler: Bu \u00fcr\u00fcn, kullan\u0131c\u0131lar\u0131n ara\u00e7lar\u0131n\u0131n g\u00f6r\u00fcn\u00fcm\u00fcn\u00fc tercihlerine g\u00f6re ki\u015fiselle\u015ftirmelerine olanak tan\u0131yan \u00f6zelle\u015ftirilmi\u015f bir renk se\u00e7ene\u011fi sunar.<\/li>\n\n\n\n<li>Rekabet\u00e7i Off-Road Performans\u0131: Rekabet\u00e7i off-road s\u00fcr\u00fc\u015f merakl\u0131lar\u0131 i\u00e7in tasarlanan bu amortis\u00f6r, engebeli arazide geli\u015fmi\u015f yol tutu\u015fu ve denge sa\u011flar.<\/li>\n\n\n\n<li>Geni\u015f Uyumluluk: \u00dcr\u00fcn, 1990-1994 model Nissan 100 NX i\u00e7in \u00f6zel olarak tasarlanm\u0131\u015ft\u0131r ve bu araca sahip kullan\u0131c\u0131lar i\u00e7in hassas bir uyum sa\u011flar.<\/li>\n\n\n\n<li>Uygun Fiyatland\u0131rma: Kullan\u0131c\u0131n\u0131n iste\u011fi \u00fczerine, bu amortis\u00f6r uygun fiyatl\u0131d\u0131r ve b\u00fct\u00e7e dostu bir y\u00fckseltme arayanlar i\u00e7in cazip bir se\u00e7enek haline getirir.<\/li>\n<\/ul>\n\n\n\n<h2 class=\"wp-block-heading\"><\/h2>","protected":false},"excerpt":{"rendered":"","protected":false},"featured_media":2764,"parent":0,"template":"","meta":{"_acf_changed":true,"_kad_blocks_custom_css":"","_kad_blocks_head_custom_js":"","_kad_blocks_body_custom_js":"","_kad_blocks_footer_custom_js":"","_kad_post_transparent":"","_kad_post_title":"","_kad_post_layout":"","_kad_post_sidebar_id":"","_kad_post_content_style":"","_kad_post_vertical_padding":"","_kad_post_feature":"","_kad_post_feature_position":"","_kad_post_header":false,"_kad_post_footer":false,"_kad_post_classname":""},"product-category":[155,157],"class_list":["post-2768","product","type-product","status-publish","has-post-thumbnail","hentry","product-category-nissan-series","product-category-y62"],"acf":[],"taxonomy_info":{"product-category":[{"value":155,"label":"NISSAN"},{"value":157,"label":"Y62"}]},"featured_image_src_large":["https:\/\/gsaishockabsorber.com\/wp-content\/uploads\/2025\/04\/Y62-\u53cc\u5411-1024x759.jpg",1024,759,true],"author_info":[],"comment_info":"","_links":{"self":[{"href":"https:\/\/gsaishockabsorber.com\/tr\/wp-json\/wp\/v2\/product\/2768","targetHints":{"allow":["GET"]}}],"collection":[{"href":"https:\/\/gsaishockabsorber.com\/tr\/wp-json\/wp\/v2\/product"}],"about":[{"href":"https:\/\/gsaishockabsorber.com\/tr\/wp-json\/wp\/v2\/types\/product"}],"wp:featuredmedia":[{"embeddable":true,"href":"https:\/\/gsaishockabsorber.com\/tr\/wp-json\/wp\/v2\/media\/2764"}],"wp:attachment":[{"href":"https:\/\/gsaishockabsorber.com\/tr\/wp-json\/wp\/v2\/media?parent=2768"}],"wp:term":[{"taxonomy":"product-category","embeddable":true,"href":"https:\/\/gsaishockabsorber.com\/tr\/wp-json\/wp\/v2\/product-category?post=2768"}],"curies":[{"name":"wp","href":"https:\/\/api.w.org\/{rel}","templated":true}]}}